{"id":1453,"date":"2021-05-07T18:25:19","date_gmt":"2021-05-07T16:25:19","guid":{"rendered":"https:\/\/www.sac-kaiserswerth.de\/clickandbuilds\/SACKaiserswerth\/?page_id=1453"},"modified":"2026-04-26T12:49:44","modified_gmt":"2026-04-26T10:49:44","slug":"gastangler","status":"publish","type":"page","link":"https:\/\/www.sac-kaiserswerth.de\/index.php\/der-verein\/gastangler\/","title":{"rendered":"Gastangler"},"content":{"rendered":"<div data-colibri-id=\"1453-c1\" class=\"style-587 style-local-1453-c1 position-relative\">\n  <!---->\n  <div data-colibri-component=\"section\" data-colibri-id=\"1453-c2\" id=\"about\" class=\"h-section h-section-global-spacing d-flex align-items-lg-center align-items-md-center align-items-center style-588 style-local-1453-c2 position-relative\">\n    <!---->\n    <!---->\n    <div class=\"h-section-grid-container h-section-boxed-container\">\n      <!---->\n      <div data-colibri-id=\"1453-c3\" class=\"h-row-container gutters-row-lg-2 gutters-row-md-2 gutters-row-2 gutters-row-v-lg-2 gutters-row-v-md-2 gutters-row-v-2 style-589 style-local-1453-c3 position-relative\">\n        <!---->\n        <div class=\"h-row justify-content-lg-center justify-content-md-center justify-content-center align-items-lg-stretch align-items-md-stretch align-items-stretch gutters-col-lg-2 gutters-col-md-2 gutters-col-2 gutters-col-v-lg-2 gutters-col-v-md-2 gutters-col-v-2\">\n          <!---->\n          <div class=\"h-column h-column-container d-flex h-col-lg-auto h-col-md-auto h-col-auto style-590-outer style-local-1453-c4-outer\">\n            <div data-colibri-id=\"1453-c4\" class=\"d-flex h-flex-basis h-column__inner h-px-lg-2 h-px-md-2 h-px-2 v-inner-lg-2 v-inner-md-2 v-inner-2 style-590 style-local-1453-c4 position-relative\">\n              <!---->\n              <!---->\n              <div class=\"w-100 h-y-container h-column__content h-column__v-align flex-basis-100 align-self-lg-center align-self-md-center align-self-center\">\n                <!---->\n                <div data-colibri-id=\"1453-c5\" data-aos=\"bounce\" class=\"h-text h-text-component style-593 style-local-1453-c5 position-relative h-element\">\n                  <!---->\n                  <!---->\n                  <div class=\"\">\n                    <p>Aktuelle Preise:<\/p>\n                    <p>Tagesschein: 7,50\u20ac<\/p>\n                    <p>Wochenschein: 25\u20ac<\/p>\n                    <p>Monatsschein: 40\u20ac<\/p>\n                    <p>Als Gastangler darf man bei uns mit zwei Ruten angeln. Die gefangenen Fische m\u00fcssen auf dem Tagesschein eingetragen werden. Es d\u00fcrfen nur vorhandene Angelpl\u00e4tze benutzt werden. Das Grillen ist Gastanglern nicht gestattet. Hunde sind\n                      immer anzuleinen, Futterboote sind nicht gestattet. Schonzeiten und Mindestma\u00dfe sind zu beachten. Das Baden in unseren Seen ist nicht gestattet. Die Angelpl\u00e4tze sind bitte sauber zu verlassen.<\/p>\n                    <p>Kontakt: Gew\u00e4sserwart Maximilian Gaa (<span style=\"font-weight: 400; font-size: 16px; font-family: &quot;Open Sans&quot;; color: rgb(105, 108, 119);\">0172-5891461<\/span> &#8211; auch WhatsApp)<\/p>\n                    <p>\n                      <a href=\"https:\/\/www.sac-kaiserswerth.de\/wp-content\/uploads\/2025\/07\/PFT-Anschreiben-Verzehrempfehlung.pdf\" style=\"font-family: &quot;Open Sans&quot;; font-weight: 400; font-size: 16px; color: rgb(0, 102, 204);\" target=\"_blank\" class=\"customize-unpreviewable\">\n                        <sub>Verzehrempfehlung<\/sub>\n                      <\/a>\n                    <\/p>\n                    <p>\n                      <a href=\"https:\/\/www.sac-kaiserswerth.de\/wp-content\/uploads\/2025\/07\/20250429_Verzehrempfehlung.pdf\" target=\"_blank\" class=\"customize-unpreviewable\">\n                        <sub>Verzehrempfehlung<\/sub>\n                      <\/a>\n                    <\/p>\n                    <p>\n                      <br>\n                    <\/p>\n                  <\/div>\n                <\/div>\n              <\/div>\n            <\/div>\n          <\/div>\n          <div class=\"h-column h-column-container d-flex h-col-lg-auto h-col-md-auto h-col-auto style-596-outer style-local-1453-c6-outer\">\n            <div data-colibri-id=\"1453-c6\" class=\"d-flex h-flex-basis h-column__inner h-px-lg-2 h-px-md-2 h-px-2 v-inner-lg-2 v-inner-md-2 v-inner-2 style-596 style-local-1453-c6 position-relative\">\n              <!---->\n              <!---->\n              <div class=\"w-100 h-y-container h-column__content h-column__v-align flex-basis-100 align-self-lg-center align-self-md-center align-self-center\">\n                <!---->\n                <div data-colibri-id=\"1453-c7\" class=\"h-row-container gutters-row-lg-0 gutters-row-md-0 gutters-row-0 gutters-row-v-lg-0 gutters-row-v-md-0 gutters-row-v-0 style-597 style-local-1453-c7 position-relative\">\n                  <!---->\n                  <div class=\"h-row justify-content-lg-start justify-content-md-start justify-content-start align-items-lg-stretch align-items-md-stretch align-items-stretch gutters-col-lg-0 gutters-col-md-0 gutters-col-0 gutters-col-v-lg-0 gutters-col-v-md-0 gutters-col-v-0\">\n                    <!---->\n                    <div class=\"h-column h-column-container d-flex h-col-lg-auto h-col-md-auto h-col-auto style-598-outer style-local-1453-c8-outer\">\n                      <div data-colibri-id=\"1453-c8\" class=\"d-flex h-flex-basis h-column__inner h-px-lg-3 h-px-md-3 h-px-3 v-inner-lg-3 v-inner-md-3 v-inner-3 style-598 style-local-1453-c8 position-relative\">\n                        <!---->\n                        <!---->\n                        <div class=\"w-100 h-y-container h-column__content h-column__v-align flex-basis-100 align-self-lg-center align-self-md-center align-self-center\">\n                          <!---->\n                          <div data-colibri-id=\"1453-c9\" class=\"style-602 style-local-1453-c9 position-relative h-element\">\n                            <!---->\n                          <\/div>\n                        <\/div>\n                      <\/div>\n                    <\/div>\n                  <\/div>\n                <\/div>\n                <div data-colibri-id=\"1453-c10\" class=\"h-multiple-image style-605 style-local-1453-c10 position-relative h-element\">\n                  <!---->\n                  <div class=\"position-relative\">\n                    <div class=\"h-multiple-image-inside-container\">\n                      <div class=\"ratio-inner\">\n                        <div data-colibri-id=\"1453-c11\" class=\"d-block style-606 style-local-1453-c11 position-relative h-element\">\n                          <!---->\n                          <div class=\"h-image__frame-container-outer\">\n                            <div class=\"h-image__frame-container\">\n                              <!---->\n                              <!---->\n                              <img decoding=\"async\" width=\"2560\" height=\"1707\" data-src=\"https:\/\/www.sac-kaiserswerth.de\/clickandbuilds\/SACKaiserswerth\/wp-content\/uploads\/2021\/05\/cropped-cropped-Suitbertussee200920-1-von-1-14-scaled-1.jpg\" class=\"style-605-images style-local-1453-c10-images wp-image-1465 style-606-image style-local-1453-c11-image lazyload\" alt=\"\" data-srcset=\"https:\/\/www.sac-kaiserswerth.de\/wp-content\/uploads\/2021\/05\/cropped-cropped-Suitbertussee200920-1-von-1-14-scaled-1.jpg 2560w, https:\/\/www.sac-kaiserswerth.de\/wp-content\/uploads\/2021\/05\/cropped-cropped-Suitbertussee200920-1-von-1-14-scaled-1-300x200.jpg 300w, https:\/\/www.sac-kaiserswerth.de\/wp-content\/uploads\/2021\/05\/cropped-cropped-Suitbertussee200920-1-von-1-14-scaled-1-1024x683.jpg 1024w, https:\/\/www.sac-kaiserswerth.de\/wp-content\/uploads\/2021\/05\/cropped-cropped-Suitbertussee200920-1-von-1-14-scaled-1-768x512.jpg 768w, https:\/\/www.sac-kaiserswerth.de\/wp-content\/uploads\/2021\/05\/cropped-cropped-Suitbertussee200920-1-von-1-14-scaled-1-1536x1024.jpg 1536w, https:\/\/www.sac-kaiserswerth.de\/wp-content\/uploads\/2021\/05\/cropped-cropped-Suitbertussee200920-1-von-1-14-scaled-1-2048x1366.jpg 2048w\" data-sizes=\"(max-width: 2560px) 100vw, 2560px\" src=\"data:image\/svg+xml;base64,PHN2ZyB3aWR0aD0iMSIgaGVpZ2h0PSIxIiB4bWxucz0iaHR0cDovL3d3dy53My5vcmcvMjAwMC9zdmciPjwvc3ZnPg==\" style=\"--smush-placeholder-width: 2560px; --smush-placeholder-aspect-ratio: 2560\/1707;\" \/>\n                              <div class=\"h-image__frame h-hide-lg h-hide-md h-hide-sm style-606-frameImage style-local-1453-c11-frameImage\"><\/div>\n                            <\/div>\n                          <\/div>\n                        <\/div>\n                        <div data-colibri-id=\"1453-c12\" class=\"d-block style-607 style-local-1453-c12 position-relative h-element\">\n                          <!---->\n                          <div class=\"h-image__frame-container-outer\">\n                            <div class=\"h-image__frame-container\">\n                              <!---->\n                              <!---->\n                              <img decoding=\"async\" width=\"1902\" height=\"1707\" data-src=\"https:\/\/www.sac-kaiserswerth.de\/clickandbuilds\/SACKaiserswerth\/wp-content\/uploads\/2021\/05\/cropped-cropped-cropped-Suitbertussee200920-1-von-1-scaled-1-1.jpg\" class=\"style-605-images style-local-1453-c10-images wp-image-1464 style-607-image style-local-1453-c12-image lazyload\" alt=\"\" data-srcset=\"https:\/\/www.sac-kaiserswerth.de\/wp-content\/uploads\/2021\/05\/cropped-cropped-cropped-Suitbertussee200920-1-von-1-scaled-1-1.jpg 1902w, https:\/\/www.sac-kaiserswerth.de\/wp-content\/uploads\/2021\/05\/cropped-cropped-cropped-Suitbertussee200920-1-von-1-scaled-1-1-300x269.jpg 300w, https:\/\/www.sac-kaiserswerth.de\/wp-content\/uploads\/2021\/05\/cropped-cropped-cropped-Suitbertussee200920-1-von-1-scaled-1-1-1024x919.jpg 1024w, https:\/\/www.sac-kaiserswerth.de\/wp-content\/uploads\/2021\/05\/cropped-cropped-cropped-Suitbertussee200920-1-von-1-scaled-1-1-768x689.jpg 768w, https:\/\/www.sac-kaiserswerth.de\/wp-content\/uploads\/2021\/05\/cropped-cropped-cropped-Suitbertussee200920-1-von-1-scaled-1-1-1536x1379.jpg 1536w\" data-sizes=\"(max-width: 1902px) 100vw, 1902px\" src=\"data:image\/svg+xml;base64,PHN2ZyB3aWR0aD0iMSIgaGVpZ2h0PSIxIiB4bWxucz0iaHR0cDovL3d3dy53My5vcmcvMjAwMC9zdmciPjwvc3ZnPg==\" style=\"--smush-placeholder-width: 1902px; --smush-placeholder-aspect-ratio: 1902\/1707;\" \/>\n                              <div class=\"h-image__frame h-hide-lg h-hide-md h-hide-sm style-607-frameImage style-local-1453-c12-frameImage\"><\/div>\n                            <\/div>\n                          <\/div>\n                        <\/div>\n                      <\/div>\n                    <\/div>\n                  <\/div>\n                <\/div>\n              <\/div>\n            <\/div>\n          <\/div>\n        <\/div>\n      <\/div>\n      <div data-colibri-id=\"1453-c13\" class=\"h-row-container gutters-row-lg-2 gutters-row-md-2 gutters-row-0 gutters-row-v-lg-2 gutters-row-v-md-2 gutters-row-v-2 style-631 style-local-1453-c13 position-relative\">\n        <!---->\n        <div class=\"h-row justify-content-lg-center justify-content-md-center justify-content-center align-items-lg-stretch align-items-md-stretch align-items-stretch gutters-col-lg-2 gutters-col-md-2 gutters-col-0 gutters-col-v-lg-2 gutters-col-v-md-2 gutters-col-v-2\">\n          <!---->\n          <div class=\"h-column h-column-container d-flex h-col-lg-auto h-col-md-auto h-col-auto style-632-outer style-local-1453-c14-outer\">\n            <div data-colibri-id=\"1453-c14\" class=\"d-flex h-flex-basis h-column__inner h-px-lg-2 h-px-md-2 h-px-2 v-inner-lg-2 v-inner-md-2 v-inner-2 style-632 style-local-1453-c14 position-relative\">\n              <!---->\n              <!---->\n              <div class=\"w-100 h-y-container h-column__content h-column__v-align flex-basis-100 align-self-lg-start align-self-md-start align-self-start\">\n                <!---->\n                <div data-colibri-id=\"1453-c15\" class=\"h-x-container style-594 style-local-1453-c15 position-relative h-element\">\n                  <!---->\n                  <div class=\"h-x-container-inner style-dynamic-1453-c15-group style-594-spacing style-local-1453-c15-spacing\"><span class=\"h-button__outer style-595-outer style-local-1453-c16-outer d-inline-flex h-element\"><a h-use-smooth-scroll=\"true\" href=\"https:\/\/www.sac-kaiserswerth.de\/index.php\/kontakt\/\"  data-colibri-id=\"1453-c16\" class=\"d-flex w-100 align-items-center h-button justify-content-lg-center justify-content-md-center justify-content-center style-595 style-local-1453-c16 position-relative\"><!----><!----> <span>Kontakt<\/span><\/a>\n                    <\/span>\n                  <\/div>\n                <\/div>\n              <\/div>\n            <\/div>\n          <\/div>\n        <\/div>\n      <\/div>\n    <\/div>\n  <\/div>\n<\/div>","protected":false},"excerpt":{"rendered":"<p>Aktuelle Preise: Tagesschein: 7,50\u20ac Wochenschein: 25\u20ac Monatsschein: 40\u20ac Als Gastangler darf man bei uns mit zwei Ruten angeln. Die gefangenen Fische m\u00fcssen auf dem Tagesschein eingetragen werden. Es d\u00fcrfen nur vorhandene Angelpl\u00e4tze benutzt werden. Das Grillen ist Gastanglern nicht gestattet. Hunde sind immer anzuleinen, Futterboote sind nicht gestattet. Schonzeiten und Mindestma\u00dfe sind zu beachten. Das [&hellip;]<\/p>\n","protected":false},"author":1,"featured_media":0,"parent":199,"menu_order":0,"comment_status":"closed","ping_status":"closed","template":"page-templates\/full-width-page.php","meta":{"footnotes":""},"class_list":["post-1453","page","type-page","status-publish","hentry"],"_links":{"self":[{"href":"https:\/\/www.sac-kaiserswerth.de\/index.php\/wp-json\/wp\/v2\/pages\/1453","targetHints":{"allow":["GET"]}}],"collection":[{"href":"https:\/\/www.sac-kaiserswerth.de\/index.php\/wp-json\/wp\/v2\/pages"}],"about":[{"href":"https:\/\/www.sac-kaiserswerth.de\/index.php\/wp-json\/wp\/v2\/types\/page"}],"author":[{"embeddable":true,"href":"https:\/\/www.sac-kaiserswerth.de\/index.php\/wp-json\/wp\/v2\/users\/1"}],"replies":[{"embeddable":true,"href":"https:\/\/www.sac-kaiserswerth.de\/index.php\/wp-json\/wp\/v2\/comments?post=1453"}],"version-history":[{"count":20,"href":"https:\/\/www.sac-kaiserswerth.de\/index.php\/wp-json\/wp\/v2\/pages\/1453\/revisions"}],"predecessor-version":[{"id":7004,"href":"https:\/\/www.sac-kaiserswerth.de\/index.php\/wp-json\/wp\/v2\/pages\/1453\/revisions\/7004"}],"up":[{"embeddable":true,"href":"https:\/\/www.sac-kaiserswerth.de\/index.php\/wp-json\/wp\/v2\/pages\/199"}],"wp:attachment":[{"href":"https:\/\/www.sac-kaiserswerth.de\/index.php\/wp-json\/wp\/v2\/media?parent=1453"}],"curies":[{"name":"wp","href":"https:\/\/api.w.org\/{rel}","templated":true}]}}