{"id":201,"date":"2021-05-05T16:16:16","date_gmt":"2021-05-05T14:16:16","guid":{"rendered":"https:\/\/www.sac-kaiserswerth.de\/clickandbuilds\/SACKaiserswerth\/?page_id=201"},"modified":"2023-09-20T21:10:16","modified_gmt":"2023-09-20T19:10:16","slug":"statuten","status":"publish","type":"page","link":"https:\/\/www.sac-kaiserswerth.de\/index.php\/statuten\/","title":{"rendered":"Statuten"},"content":{"rendered":"<div data-colibri-id=\"201-c1\" class=\"style-380 style-local-201-c1 position-relative\">\n  <!---->\n  <div data-colibri-component=\"section\" data-colibri-id=\"201-c2\" id=\"overlappable\" class=\"h-section h-section-global-spacing d-flex align-items-lg-center align-items-md-center align-items-center style-381 style-local-201-c2 position-relative\">\n    <!---->\n    <!---->\n    <div class=\"h-section-grid-container h-section-boxed-container\">\n      <!---->\n      <div data-colibri-id=\"201-c3\" class=\"h-row-container gutters-row-lg-2 gutters-row-md-2 gutters-row-0 gutters-row-v-lg-2 gutters-row-v-md-2 gutters-row-v-2 style-547 style-local-201-c3 position-relative\">\n        <!---->\n        <div class=\"h-row justify-content-lg-center justify-content-md-center justify-content-center align-items-lg-stretch align-items-md-stretch align-items-stretch gutters-col-lg-2 gutters-col-md-2 gutters-col-0 gutters-col-v-lg-2 gutters-col-v-md-2 gutters-col-v-2\">\n          <!---->\n          <div class=\"h-column h-column-container d-flex h-col-lg-auto h-col-md-auto h-col-auto style-548-outer style-local-201-c4-outer\">\n            <div data-colibri-id=\"201-c4\" class=\"d-flex h-flex-basis h-column__inner h-ui-empty-state-container h-px-lg-2 h-px-md-2 h-px-2 v-inner-lg-2 v-inner-md-2 v-inner-2 style-548 style-local-201-c4 position-relative\">\n              <!---->\n              <!---->\n              <div class=\"w-100 h-y-container h-column__content h-column__v-align flex-basis-100\">\n                <!---->\n              <\/div>\n            <\/div>\n          <\/div>\n          <div class=\"h-column h-column-container d-flex h-col-lg-auto h-col-md-auto h-col-auto style-549-outer style-local-201-c5-outer\">\n            <div data-colibri-id=\"201-c5\" class=\"d-flex h-flex-basis h-column__inner h-ui-empty-state-container h-px-lg-2 h-px-md-2 h-px-2 v-inner-lg-2 v-inner-md-2 v-inner-2 style-549 style-local-201-c5 position-relative\">\n              <!---->\n              <!---->\n              <div class=\"w-100 h-y-container h-column__content h-column__v-align flex-basis-100\">\n                <!---->\n              <\/div>\n            <\/div>\n          <\/div>\n        <\/div>\n      <\/div>\n      <div data-colibri-id=\"201-c6\" class=\"h-row-container gutters-row-lg-2 gutters-row-md-2 gutters-row-0 gutters-row-v-lg-2 gutters-row-v-md-2 gutters-row-v-2 style-544 style-local-201-c6 position-relative\">\n        <!---->\n        <div class=\"h-row justify-content-lg-center justify-content-md-center justify-content-center align-items-lg-stretch align-items-md-stretch align-items-stretch gutters-col-lg-2 gutters-col-md-2 gutters-col-0 gutters-col-v-lg-2 gutters-col-v-md-2 gutters-col-v-2\">\n          <!---->\n          <div class=\"h-column h-column-container d-flex h-col-lg-auto h-col-md-auto h-col-auto style-545-outer style-local-201-c7-outer\">\n            <div data-colibri-id=\"201-c7\" class=\"d-flex h-flex-basis h-column__inner h-ui-empty-state-container h-px-lg-2 h-px-md-2 h-px-2 v-inner-lg-2 v-inner-md-2 v-inner-2 style-545 style-local-201-c7 position-relative\">\n              <!---->\n              <!---->\n              <div class=\"w-100 h-y-container h-column__content h-column__v-align flex-basis-100\">\n                <!---->\n              <\/div>\n            <\/div>\n          <\/div>\n          <div class=\"h-column h-column-container d-flex h-col-lg-auto h-col-md-auto h-col-auto style-546-outer style-local-201-c8-outer\">\n            <div data-colibri-id=\"201-c8\" class=\"d-flex h-flex-basis h-column__inner h-ui-empty-state-container h-px-lg-2 h-px-md-2 h-px-2 v-inner-lg-2 v-inner-md-2 v-inner-2 style-546 style-local-201-c8 position-relative\">\n              <!---->\n              <!---->\n              <div class=\"w-100 h-y-container h-column__content h-column__v-align flex-basis-100\">\n                <!---->\n              <\/div>\n            <\/div>\n          <\/div>\n        <\/div>\n      <\/div>\n      <div data-colibri-id=\"201-c9\" class=\"h-row-container gutters-row-lg-0 gutters-row-md-0 gutters-row-2 gutters-row-v-lg-0 gutters-row-v-md-0 gutters-row-v-2 style-382 style-local-201-c9 position-relative\">\n        <!---->\n        <div class=\"h-row justify-content-lg-center justify-content-md-center justify-content-center align-items-lg-stretch align-items-md-stretch align-items-stretch gutters-col-lg-0 gutters-col-md-0 gutters-col-2 gutters-col-v-lg-0 gutters-col-v-md-0 gutters-col-v-2\">\n          <!---->\n          <div class=\"h-column h-column-container d-flex h-col-lg-4 h-col-md-4 h-col-12 style-383-outer style-local-201-c10-outer\">\n            <div data-colibri-id=\"201-c10\" class=\"d-flex h-flex-basis h-column__inner h-px-lg-3 h-px-md-3 h-px-2 v-inner-lg-3 v-inner-md-3 v-inner-2 style-383 style-local-201-c10 position-relative\">\n              <!---->\n              <!---->\n              <div class=\"w-100 h-y-container h-column__content h-column__v-align flex-basis-100 align-self-lg-start align-self-md-start align-self-start\">\n                <!---->\n                <div data-colibri-id=\"201-c11\" class=\"h-icon style-384 style-local-201-c11 position-relative h-element\">\n                  <!----><span class=\"h-svg-icon h-icon__icon style-384-icon style-local-201-c11-icon\"><!--Icon by Font Awesome (https:\/\/fontawesome.com)-->\n    <svg version=\"1.1\" xmlns=\"http:\/\/www.w3.org\/2000\/svg\" xmlns:xlink=\"http:\/\/www.w3.org\/1999\/xlink\" id=\"medkit\" viewBox=\"0 0 1792 1896.0833\">\n      <path d=\"M1280 1120V928q0-14-9-23t-23-9h-224V672q0-14-9-23t-23-9H800q-14 0-23 9t-9 23v224H544q-14 0-23 9t-9 23v192q0 14 9 23t23 9h224v224q0 14 9 23t23 9h192q14 0 23-9t9-23v-224h224q14 0 23-9t9-23zM640 384h512V256H640v128zm-384 0v1280h-32q-92 0-158-66T0 1440V608q0-92 66-158t158-66h32zm1184 0v1280H352V384h160V224q0-40 28-68t68-28h576q40 0 68 28t28 68v160h160zm352 224v832q0 92-66 158t-158 66h-32V384h32q92 0 158 66t66 158z\"><\/path>\n    <\/svg><\/span><\/div>\n                <div data-colibri-id=\"201-c12\" class=\"h-global-transition-all h-heading style-385 style-local-201-c12 position-relative h-element\">\n                  <!---->\n                  <div class=\"h-heading__outer style-385 style-local-201-c12\">\n                    <!---->\n                    <!---->\n                    <h5 class=\"\">Schonzeiten<\/h5>\n                  <\/div>\n                <\/div>\n                <div data-colibri-id=\"201-c13\" class=\"h-text h-text-component style-386 style-local-201-c13 position-relative h-element\">\n                  <!---->\n                  <!---->\n                  <div class=\"\">\n                    <p><strong>Schonzeiten:<\/strong><\/p>\n                    <p>In Nordrhein-Westfalen g\u00fcltige Schonzeiten:<\/p>\n                    <p><strong style=\"font-size: 16px; font-family: &quot;Open Sans&quot;; color: rgb(105, 108, 119);\">Hechte:<\/strong><span style=\"font-size: 16px; font-family: &quot;Open Sans&quot;; color: rgb(105, 108, 119);\">&nbsp;15. Februar bis 30. April einschlie\u00dflich<\/span><\/p>\n                    <p><strong>Zander<\/strong>: 1. April bis 31. Mai einschlie\u00dflich<\/p>\n                    <p><strong>Barben:<\/strong>&nbsp;15.Mai bis 15. Juni einschlie\u00dflich<\/p>\n                    <p>\n                      <br>\n                    <\/p>\n                    <p>\n                      <br>\n                    <\/p>\n                  <\/div>\n                <\/div>\n              <\/div>\n            <\/div>\n          <\/div>\n          <div class=\"h-column h-column-container d-flex h-col-lg-4 h-col-md-4 h-col-12 style-383-outer style-local-201-c14-outer\">\n            <div data-colibri-id=\"201-c14\" class=\"d-flex h-flex-basis h-column__inner h-px-lg-3 h-px-md-3 h-px-2 v-inner-lg-3 v-inner-md-3 v-inner-2 style-383 style-local-201-c14 position-relative\">\n              <!---->\n              <!---->\n              <div class=\"w-100 h-y-container h-column__content h-column__v-align flex-basis-100 align-self-lg-start align-self-md-start align-self-start\">\n                <!---->\n                <div data-colibri-id=\"201-c15\" class=\"h-icon style-384 style-local-201-c15 position-relative h-element\">\n                  <!----><span class=\"h-svg-icon h-icon__icon style-384-icon style-local-201-c15-icon\"><!--Icon by Icons8 Line Awesome (https:\/\/icons8.com\/line-awesome)--><svg version=\"1.1\" xmlns=\"http:\/\/www.w3.org\/2000\/svg\" xmlns:xlink=\"http:\/\/www.w3.org\/1999\/xlink\" id=\"arrows-h\" viewBox=\"0 0 512 545.5\"><path d=\"M148.5 140.5l23 23L63 272h386L340.5 163.5l23-23 136 136 11 11.5-11 11.5-136 136-23-23L449 304H63l108.5 108.5-23 23-136-136-11-11.5 11-11.5z\"><\/path><\/svg><\/span><\/div>\n                <div\n                  data-colibri-id=\"201-c16\" class=\"h-global-transition-all h-heading style-385 style-local-201-c16 position-relative h-element\">\n                  <!---->\n                  <div class=\"h-heading__outer style-385 style-local-201-c16\">\n                    <!---->\n                    <!---->\n                    <h5 class=\"\">mindestma\u00dfe<\/h5>\n                  <\/div>\n              <\/div>\n              <div data-colibri-id=\"201-c17\" class=\"h-text h-text-component style-386 style-local-201-c17 position-relative h-element\">\n                <!---->\n                <!---->\n                <div class=\"\">\n                  <p><strong>Schleie:&nbsp;<\/strong>25 cm<\/p>\n                  <p><strong>Aal:<\/strong>&nbsp;50 cm<\/p>\n                  <p><strong>Barbe:&nbsp;<\/strong>35 cm<\/p>\n                  <p><strong>Karpfen:&nbsp;<\/strong>35 cm<\/p>\n                  <p><strong>Zander:&nbsp;<\/strong>40 cm<\/p>\n                  <p><strong>Hecht:&nbsp;<\/strong>45 cm<\/p>\n                  <p>\n                    <br>\n                  <\/p>\n                <\/div>\n              <\/div>\n            <\/div>\n          <\/div>\n        <\/div>\n        <div class=\"h-column h-column-container d-flex h-col-lg-4 h-col-md-4 h-col-12 style-383-outer style-local-201-c18-outer\">\n          <div data-colibri-id=\"201-c18\" class=\"d-flex h-flex-basis h-column__inner h-px-lg-3 h-px-md-3 h-px-2 v-inner-lg-3 v-inner-md-3 v-inner-2 style-383 style-local-201-c18 position-relative\">\n            <!---->\n            <!---->\n            <div class=\"w-100 h-y-container h-column__content h-column__v-align flex-basis-100 align-self-lg-start align-self-md-start align-self-start\">\n              <!---->\n              <div data-colibri-id=\"201-c19\" class=\"h-icon style-384 style-local-201-c19 position-relative h-element\">\n                <!----><span class=\"h-svg-icon h-icon__icon style-384-icon style-local-201-c19-icon\"><!--Icon by Icons8 Line Awesome (https:\/\/icons8.com\/line-awesome)--><svg version=\"1.1\" xmlns=\"http:\/\/www.w3.org\/2000\/svg\" xmlns:xlink=\"http:\/\/www.w3.org\/1999\/xlink\" id=\"commenting-o\" viewBox=\"0 0 512 545.5\"><path d=\"M48 128h416v320H311l-43.5 43.5-11.5 11-11.5-11L201 448H48V128zm32 32v256h134.5l5 4.5L256 457l36.5-36.5 5-4.5H432V160H80zm64 48h224v32H144v-32zm0 64h224v32H144v-32zm0 64h160v32H144v-32z\"><\/path><\/svg><\/span><\/div>\n              <div\n                data-colibri-id=\"201-c20\" class=\"h-global-transition-all h-heading style-385 style-local-201-c20 position-relative h-element\">\n                <!---->\n                <div class=\"h-heading__outer style-385 style-local-201-c20\">\n                  <!---->\n                  <!---->\n                  <h5 class=\"\">Fangbestimmungen<\/h5>\n                <\/div>\n            <\/div>\n            <div data-colibri-id=\"201-c21\" class=\"h-text h-text-component style-386 style-local-201-c21 position-relative h-element\">\n              <!---->\n              <!---->\n              <div class=\"\">\n                <p><strong>Fangbeschr\u00e4nkung pro Tag:&nbsp;<\/strong>2 Karpfen, 2 Zander, 3 Schleien<\/p>\n                <p><strong>Fangbeschr\u00e4nkung pro Woche:&nbsp;<\/strong>4 Karpfen insgesamt<\/p>\n                <p>Die Woche z\u00e4hlt von Montag bis Sonntag.<\/p>\n                <p>Es d\u00fcrfen maximal zwei Handangeln eingesetzt werden.<\/p>\n                <p>Die Verwertung des Fanges geschieht in Eigenverantwortung des Anglers. Eine H\u00e4lterung ist nicht erlaubt. Ma\u00dfige Fische sind sofort waidgerecht zu t\u00f6ten und vom Angler einer sinnvollen Verwertung zuzuf\u00fchren.&nbsp;<\/p>\n                <p>Der Fang wird nach Art und St\u00fcckzahl in das Fangbuch eingetragen.<\/p>\n                <p>\n                  <br>\n                <\/p>\n              <\/div>\n            <\/div>\n          <\/div>\n        <\/div>\n      <\/div>\n    <\/div>\n  <\/div>\n<\/div>\n<\/div>\n<\/div>","protected":false},"excerpt":{"rendered":"<p>Schonzeiten Schonzeiten: In Nordrhein-Westfalen g\u00fcltige Schonzeiten: Hechte:&nbsp;15. Februar bis 30. April einschlie\u00dflich Zander: 1. April bis 31. Mai einschlie\u00dflich Barben:&nbsp;15.Mai bis 15. Juni einschlie\u00dflich mindestma\u00dfe Schleie:&nbsp;25 cm Aal:&nbsp;50 cm Barbe:&nbsp;35 cm Karpfen:&nbsp;35 cm Zander:&nbsp;40 cm Hecht:&nbsp;45 cm Fangbestimmungen Fangbeschr\u00e4nkung pro Tag:&nbsp;2 Karpfen, 2 Zander, 3 Schleien Fangbeschr\u00e4nkung pro Woche:&nbsp;4 Karpfen insgesamt Die Woche z\u00e4hlt von [&hellip;]<\/p>\n","protected":false},"author":1,"featured_media":0,"parent":0,"menu_order":0,"comment_status":"closed","ping_status":"closed","template":"page-templates\/full-width-page.php","meta":{"footnotes":""},"class_list":["post-201","page","type-page","status-publish","hentry"],"_links":{"self":[{"href":"https:\/\/www.sac-kaiserswerth.de\/index.php\/wp-json\/wp\/v2\/pages\/201","targetHints":{"allow":["GET"]}}],"collection":[{"href":"https:\/\/www.sac-kaiserswerth.de\/index.php\/wp-json\/wp\/v2\/pages"}],"about":[{"href":"https:\/\/www.sac-kaiserswerth.de\/index.php\/wp-json\/wp\/v2\/types\/page"}],"author":[{"embeddable":true,"href":"https:\/\/www.sac-kaiserswerth.de\/index.php\/wp-json\/wp\/v2\/users\/1"}],"replies":[{"embeddable":true,"href":"https:\/\/www.sac-kaiserswerth.de\/index.php\/wp-json\/wp\/v2\/comments?post=201"}],"version-history":[{"count":10,"href":"https:\/\/www.sac-kaiserswerth.de\/index.php\/wp-json\/wp\/v2\/pages\/201\/revisions"}],"predecessor-version":[{"id":5233,"href":"https:\/\/www.sac-kaiserswerth.de\/index.php\/wp-json\/wp\/v2\/pages\/201\/revisions\/5233"}],"wp:attachment":[{"href":"https:\/\/www.sac-kaiserswerth.de\/index.php\/wp-json\/wp\/v2\/media?parent=201"}],"curies":[{"name":"wp","href":"https:\/\/api.w.org\/{rel}","templated":true}]}}