{"id":203,"date":"2021-05-05T16:16:16","date_gmt":"2021-05-05T14:16:16","guid":{"rendered":"https:\/\/www.sac-kaiserswerth.de\/clickandbuilds\/SACKaiserswerth\/?page_id=203"},"modified":"2026-03-01T16:35:27","modified_gmt":"2026-03-01T15:35:27","slug":"mitglied-werden","status":"publish","type":"page","link":"https:\/\/www.sac-kaiserswerth.de\/index.php\/mitglied-werden\/","title":{"rendered":"Mitglied werden"},"content":{"rendered":"<div data-colibri-id=\"203-c1\" class=\"style-890 style-local-203-c1 position-relative\">\n  <!---->\n  <div data-colibri-component=\"section\" data-colibri-id=\"203-c2\" id=\"about\" class=\"h-section h-section-global-spacing d-flex align-items-lg-center align-items-md-center align-items-center style-891 style-local-203-c2 position-relative\">\n    <!---->\n    <!---->\n    <div class=\"h-section-grid-container h-section-boxed-container\">\n      <!---->\n      <div data-colibri-id=\"203-c3\" class=\"h-row-container gutters-row-lg-0 gutters-row-md-0 gutters-row-0 gutters-row-v-lg-0 gutters-row-v-md-0 gutters-row-v-0 style-892 style-local-203-c3 position-relative\">\n        <!---->\n        <div class=\"h-row justify-content-lg-center justify-content-md-center justify-content-center align-items-lg-stretch align-items-md-stretch align-items-stretch gutters-col-lg-0 gutters-col-md-0 gutters-col-0 gutters-col-v-lg-0 gutters-col-v-md-0 gutters-col-v-0\">\n          <!---->\n          <div class=\"h-column h-column-container d-flex h-col-lg-auto h-col-md-auto h-col-auto style-893-outer style-local-203-c4-outer\">\n            <div data-colibri-id=\"203-c4\" class=\"d-flex h-flex-basis h-column__inner h-px-lg-0 h-px-md-0 h-px-0 v-inner-lg-0 v-inner-md-0 v-inner-0 style-893 style-local-203-c4 position-relative\">\n              <!---->\n              <!---->\n              <div class=\"w-100 h-y-container h-column__content h-column__v-align flex-basis-100 align-self-lg-start align-self-md-start align-self-start\">\n                <!---->\n                <div data-colibri-id=\"203-c5\" class=\"h-text h-text-component style-896 style-local-203-c5 position-relative h-element\">\n                  <!---->\n                  <!---->\n                  <div class=\"\">\n                    <p>Wir suchen Dich<\/p>\n                    <p>Hier bei uns kannst Du mit Gleichgesinnten Deinem Hobby im D\u00fcsseldorfer Norden am Suitbertus- und Fliedner See nachgehen.<\/p>\n                    <p>Die gepflegten Gel\u00e4nde mit naturbelassenen Gew\u00e4ssern und guten Wegen zum Angelplatz laden zum Verweilen und nat\u00fcrlich zum Angeln ein.<\/p>\n                    <p>Du kannst neue Freundschaften mit Anglerinenn und Anglern schlie\u00dfen. Bei den Gemeinschaftsveranstaltungen vielleicht neue Tipps und Tricks erfahren oder einfach nur den Tag genie\u00dfen. Angel-Interessierte k\u00f6nnen sich ebenfalls bei uns\n                      melden und man kann dann auch einmal einen Schnuppertag gemeinsam verbringen. Viele aktive Anglerinnen und Angler des Vereins helfen immer gerne.<\/p>\n                    <p>\n                      <a href=\"https:\/\/www.sac-kaiserswerth.de\/wp-content\/uploads\/2026\/03\/SAC-mitgliedsantrag.pdf\" target=\"_blank\">Aufnahmeformular<\/a>\n                    <\/p>\n                    <p>\n                      <br>\n                    <\/p>\n                    <p>\n                      <br>\n                    <\/p>\n                  <\/div>\n                <\/div>\n              <\/div>\n            <\/div>\n          <\/div>\n          <div class=\"h-column h-column-container d-flex h-col-lg-auto h-col-md-auto h-col-auto style-897-outer style-local-203-c6-outer\">\n            <div data-colibri-id=\"203-c6\" class=\"d-flex h-flex-basis h-column__inner h-ui-empty-state-container h-px-lg-2 h-px-md-2 h-px-2 v-inner-lg-2 v-inner-md-2 v-inner-2 style-897 style-local-203-c6 position-relative\">\n              <!---->\n              <!---->\n              <div class=\"w-100 h-y-container h-column__content h-column__v-align flex-basis-100\">\n                <!---->\n              <\/div>\n            <\/div>\n          <\/div>\n        <\/div>\n      <\/div>\n    <\/div>\n  <\/div>\n<\/div>","protected":false},"excerpt":{"rendered":"<p>Wir suchen Dich Hier bei uns kannst Du mit Gleichgesinnten Deinem Hobby im D\u00fcsseldorfer Norden am Suitbertus- und Fliedner See nachgehen. Die gepflegten Gel\u00e4nde mit naturbelassenen Gew\u00e4ssern und guten Wegen zum Angelplatz laden zum Verweilen und nat\u00fcrlich zum Angeln ein. Du kannst neue Freundschaften mit Anglerinenn und Anglern schlie\u00dfen. Bei den Gemeinschaftsveranstaltungen vielleicht neue Tipps [&hellip;]<\/p>\n","protected":false},"author":1,"featured_media":0,"parent":0,"menu_order":0,"comment_status":"closed","ping_status":"closed","template":"page-templates\/full-width-page.php","meta":{"footnotes":""},"class_list":["post-203","page","type-page","status-publish","hentry"],"_links":{"self":[{"href":"https:\/\/www.sac-kaiserswerth.de\/index.php\/wp-json\/wp\/v2\/pages\/203","targetHints":{"allow":["GET"]}}],"collection":[{"href":"https:\/\/www.sac-kaiserswerth.de\/index.php\/wp-json\/wp\/v2\/pages"}],"about":[{"href":"https:\/\/www.sac-kaiserswerth.de\/index.php\/wp-json\/wp\/v2\/types\/page"}],"author":[{"embeddable":true,"href":"https:\/\/www.sac-kaiserswerth.de\/index.php\/wp-json\/wp\/v2\/users\/1"}],"replies":[{"embeddable":true,"href":"https:\/\/www.sac-kaiserswerth.de\/index.php\/wp-json\/wp\/v2\/comments?post=203"}],"version-history":[{"count":7,"href":"https:\/\/www.sac-kaiserswerth.de\/index.php\/wp-json\/wp\/v2\/pages\/203\/revisions"}],"predecessor-version":[{"id":6803,"href":"https:\/\/www.sac-kaiserswerth.de\/index.php\/wp-json\/wp\/v2\/pages\/203\/revisions\/6803"}],"wp:attachment":[{"href":"https:\/\/www.sac-kaiserswerth.de\/index.php\/wp-json\/wp\/v2\/media?parent=203"}],"curies":[{"name":"wp","href":"https:\/\/api.w.org\/{rel}","templated":true}]}}