{"id":234,"date":"2021-05-05T16:33:28","date_gmt":"2021-05-05T14:33:28","guid":{"rendered":"https:\/\/www.sac-kaiserswerth.de\/clickandbuilds\/SACKaiserswerth\/?page_id=234"},"modified":"2025-05-21T18:27:21","modified_gmt":"2025-05-21T16:27:21","slug":"arbeitsdienst","status":"publish","type":"page","link":"https:\/\/www.sac-kaiserswerth.de\/index.php\/der-verein\/arbeitsdienst\/","title":{"rendered":"Gemeinschaftsdienst"},"content":{"rendered":"<div data-colibri-id=\"234-c1\" class=\"style-316 style-local-234-c1 position-relative\">\n  <!---->\n  <div data-colibri-component=\"section\" data-colibri-id=\"234-c2\" id=\"overlappable\" class=\"h-section h-section-global-spacing d-flex align-items-lg-center align-items-md-center align-items-center style-317 style-local-234-c2 position-relative\">\n    <!---->\n    <!---->\n    <div class=\"h-section-grid-container h-section-boxed-container\">\n      <!---->\n      <div data-colibri-id=\"234-c3\" class=\"h-row-container gutters-row-lg-2 gutters-row-md-2 gutters-row-0 gutters-row-v-lg-2 gutters-row-v-md-2 gutters-row-v-2 style-516 style-local-234-c3 position-relative\">\n        <!---->\n        <div class=\"h-row justify-content-lg-center justify-content-md-center justify-content-center align-items-lg-stretch align-items-md-stretch align-items-stretch gutters-col-lg-2 gutters-col-md-2 gutters-col-0 gutters-col-v-lg-2 gutters-col-v-md-2 gutters-col-v-2\">\n          <!---->\n          <div class=\"h-column h-column-container d-flex h-col-lg-auto h-col-md-auto h-col-auto style-517-outer style-local-234-c4-outer\">\n            <div data-colibri-id=\"234-c4\" class=\"d-flex h-flex-basis h-column__inner h-ui-empty-state-container h-px-lg-2 h-px-md-2 h-px-2 v-inner-lg-2 v-inner-md-2 v-inner-2 style-517 style-local-234-c4 position-relative\">\n              <!---->\n              <!---->\n              <div class=\"w-100 h-y-container h-column__content h-column__v-align flex-basis-100\">\n                <!---->\n              <\/div>\n            <\/div>\n          <\/div>\n          <div class=\"h-column h-column-container d-flex h-col-lg-auto h-col-md-auto h-col-auto style-518-outer style-local-234-c5-outer\">\n            <div data-colibri-id=\"234-c5\" class=\"d-flex h-flex-basis h-column__inner h-ui-empty-state-container h-px-lg-2 h-px-md-2 h-px-2 v-inner-lg-2 v-inner-md-2 v-inner-2 style-518 style-local-234-c5 position-relative\">\n              <!---->\n              <!---->\n              <div class=\"w-100 h-y-container h-column__content h-column__v-align flex-basis-100\">\n                <!---->\n              <\/div>\n            <\/div>\n          <\/div>\n        <\/div>\n      <\/div>\n      <div data-colibri-id=\"234-c6\" class=\"h-row-container gutters-row-lg-2 gutters-row-md-2 gutters-row-0 gutters-row-v-lg-2 gutters-row-v-md-2 gutters-row-v-2 style-541 style-local-234-c6 position-relative\">\n        <!---->\n        <div class=\"h-row justify-content-lg-center justify-content-md-center justify-content-center align-items-lg-stretch align-items-md-stretch align-items-stretch gutters-col-lg-2 gutters-col-md-2 gutters-col-0 gutters-col-v-lg-2 gutters-col-v-md-2 gutters-col-v-2\">\n          <!---->\n          <div class=\"h-column h-column-container d-flex h-col-lg-auto h-col-md-auto h-col-auto style-542-outer style-local-234-c7-outer\">\n            <div data-colibri-id=\"234-c7\" class=\"d-flex h-flex-basis h-column__inner h-ui-empty-state-container h-px-lg-2 h-px-md-2 h-px-2 v-inner-lg-2 v-inner-md-2 v-inner-2 style-542 style-local-234-c7 position-relative\">\n              <!---->\n              <!---->\n              <div class=\"w-100 h-y-container h-column__content h-column__v-align flex-basis-100\">\n                <!---->\n              <\/div>\n            <\/div>\n          <\/div>\n          <div class=\"h-column h-column-container d-flex h-col-lg-auto h-col-md-auto h-col-auto style-543-outer style-local-234-c8-outer\">\n            <div data-colibri-id=\"234-c8\" class=\"d-flex h-flex-basis h-column__inner h-ui-empty-state-container h-px-lg-2 h-px-md-2 h-px-2 v-inner-lg-2 v-inner-md-2 v-inner-2 style-543 style-local-234-c8 position-relative\">\n              <!---->\n              <!---->\n              <div class=\"w-100 h-y-container h-column__content h-column__v-align flex-basis-100\">\n                <!---->\n              <\/div>\n            <\/div>\n          <\/div>\n        <\/div>\n      <\/div>\n      <div data-colibri-id=\"234-c9\" class=\"h-row-container gutters-row-lg-0 gutters-row-md-0 gutters-row-2 gutters-row-v-lg-0 gutters-row-v-md-0 gutters-row-v-2 style-318 style-local-234-c9 position-relative\">\n        <!---->\n        <div class=\"h-row justify-content-lg-center justify-content-md-center justify-content-center align-items-lg-stretch align-items-md-stretch align-items-stretch gutters-col-lg-0 gutters-col-md-0 gutters-col-2 gutters-col-v-lg-0 gutters-col-v-md-0 gutters-col-v-2\">\n          <!---->\n          <div class=\"h-column h-column-container d-flex h-col-lg-4 h-col-md-4 h-col-12 style-319-outer style-local-234-c10-outer\">\n            <div data-colibri-id=\"234-c10\" class=\"d-flex h-flex-basis h-column__inner h-px-lg-3 h-px-md-3 h-px-2 v-inner-lg-3 v-inner-md-3 v-inner-2 style-319 style-local-234-c10 position-relative\">\n              <!---->\n              <!---->\n              <div class=\"w-100 h-y-container h-column__content h-column__v-align flex-basis-100 align-self-lg-start align-self-md-start align-self-start\">\n                <!---->\n                <div data-colibri-id=\"234-c11\" class=\"h-icon style-320 style-local-234-c11 position-relative h-element\">\n                  <!----><span class=\"h-svg-icon h-icon__icon style-320-icon style-local-234-c11-icon\"><!--Icon by Font Awesome (https:\/\/fontawesome.com)-->\n    <svg version=\"1.1\" xmlns=\"http:\/\/www.w3.org\/2000\/svg\" xmlns:xlink=\"http:\/\/www.w3.org\/1999\/xlink\" id=\"th\" viewBox=\"0 0 1792 1896.0833\">\n      <path d=\"M512 1248v192q0 40-28 68t-68 28H96q-40 0-68-28t-28-68v-192q0-40 28-68t68-28h320q40 0 68 28t28 68zm0-512v192q0 40-28 68t-68 28H96q-40 0-68-28T0 928V736q0-40 28-68t68-28h320q40 0 68 28t28 68zm640 512v192q0 40-28 68t-68 28H736q-40 0-68-28t-28-68v-192q0-40 28-68t68-28h320q40 0 68 28t28 68zM512 224v192q0 40-28 68t-68 28H96q-40 0-68-28T0 416V224q0-40 28-68t68-28h320q40 0 68 28t28 68zm640 512v192q0 40-28 68t-68 28H736q-40 0-68-28t-28-68V736q0-40 28-68t68-28h320q40 0 68 28t28 68zm640 512v192q0 40-28 68t-68 28h-320q-40 0-68-28t-28-68v-192q0-40 28-68t68-28h320q40 0 68 28t28 68zM1152 224v192q0 40-28 68t-68 28H736q-40 0-68-28t-28-68V224q0-40 28-68t68-28h320q40 0 68 28t28 68zm640 512v192q0 40-28 68t-68 28h-320q-40 0-68-28t-28-68V736q0-40 28-68t68-28h320q40 0 68 28t28 68zm0-512v192q0 40-28 68t-68 28h-320q-40 0-68-28t-28-68V224q0-40 28-68t68-28h320q40 0 68 28t28 68z\"><\/path>\n    <\/svg><\/span><\/div>\n                <div data-colibri-id=\"234-c12\" class=\"h-global-transition-all h-heading style-321 style-local-234-c12 position-relative h-element\">\n                  <!---->\n                  <div class=\"h-heading__outer style-321 style-local-234-c12\">\n                    <!---->\n                    <!---->\n                    <h5 class=\"\">Generelles<\/h5>\n                  <\/div>\n                <\/div>\n                <div data-colibri-id=\"234-c13\" class=\"h-text h-text-component style-322 style-local-234-c13 position-relative h-element\">\n                  <!---->\n                  <!---->\n                  <div class=\"\">\n                    <p><span style=\"color: rgb(38, 53, 74); font-family: Arial, Helvetica, sans-serif; font-size: 11px;\">Der Verein hat, au\u00dfer den Seen, auch viele Gr\u00fcnfl\u00e4chen und einen alten Baumbestand. <\/span><\/p>\n                    <p><span style=\"color: rgb(38, 53, 74); font-family: Arial, Helvetica, sans-serif; font-size: 11px;\">Auch unsere Fl\u00e4chen, B\u00e4ume, Str\u00e4ucher und Pflanzen m\u00fcssen gepflegt werden, z.B. R\u00fcckschnitt, Rasen m\u00e4hen, Neupflanzungen, usw.<\/span><\/p>\n                    <p><span style=\"color: rgb(38, 53, 74); font-family: Arial, Helvetica, sans-serif; font-size: 11px;\">Pro Jahr m\u00fcssen laut Satzung 10 Gemeinschaftsstunden geleistet werden. Diese Pflichtstunden werden bei Nichtableistung mit 15 \u20ac pro Stunde in Rechnung gestellt. <\/span><\/p>\n                    <p><span style=\"color: rgb(38, 53, 74); font-family: Arial, Helvetica, sans-serif; font-size: 11px;\">Bitte lasst euch von Markus in die WhatsApp-Gruppe &#8220;GD&#8221; aufnehmen und k\u00fcndigt eure Teilnahme m\u00f6glichst vorher an. damit er planen kann.<\/span><\/p>\n                    <p>\n                      <br>\n                    <\/p>\n                  <\/div>\n                <\/div>\n              <\/div>\n            <\/div>\n          <\/div>\n          <div class=\"h-column h-column-container d-flex h-col-lg-4 h-col-md-4 h-col-12 style-319-outer style-local-234-c14-outer\">\n            <div data-colibri-id=\"234-c14\" class=\"d-flex h-flex-basis h-column__inner h-px-lg-3 h-px-md-3 h-px-2 v-inner-lg-3 v-inner-md-3 v-inner-2 style-319 style-local-234-c14 position-relative\">\n              <!---->\n              <!---->\n              <div class=\"w-100 h-y-container h-column__content h-column__v-align flex-basis-100 align-self-lg-start align-self-md-start align-self-start\">\n                <!---->\n                <div data-colibri-id=\"234-c15\" class=\"h-icon style-320 style-local-234-c15 position-relative h-element\">\n                  <!----><span class=\"h-svg-icon h-icon__icon style-320-icon style-local-234-c15-icon\"><!--Icon by Font Awesome (https:\/\/fontawesome.com)-->\n    <svg version=\"1.1\" xmlns=\"http:\/\/www.w3.org\/2000\/svg\" xmlns:xlink=\"http:\/\/www.w3.org\/1999\/xlink\" id=\"step-forward\" viewBox=\"0 0 1282.1629 1896.0833\">\n      <path d=\"M45 1651q-19 19-32 13t-13-32V160q0-26 13-32t32 13l710 710q9 9 13 19V192q0-26 19-45t45-19h128q26 0 45 19t19 45v1408q0 26-19 45t-45 19H832q-26 0-45-19t-19-45V922q-4 10-13 19z\"><\/path>\n    <\/svg><\/span><\/div>\n                <div data-colibri-id=\"234-c16\" class=\"h-global-transition-all h-heading style-321 style-local-234-c16 position-relative h-element\">\n                  <!---->\n                  <div class=\"h-heading__outer style-321 style-local-234-c16\">\n                    <!---->\n                    <!---->\n                    <h5 class=\"\">Gemeinschaftstermine<\/h5>\n                  <\/div>\n                <\/div>\n                <div data-colibri-id=\"234-c17\" class=\"h-text h-text-component style-322 style-local-234-c17 position-relative h-element\">\n                  <!---->\n                  <!---->\n                  <div class=\"\">\n                    <p><span style=\"color: rgb(31, 56, 100); font-family: Arial, sans-serif; font-size: 9pt;\">Ab Februar\/M\u00e4rz jeden ersten Samstag im Monat ab 10 Uhr. <\/span><\/p>\n                    <p><span style=\"color: rgb(31, 56, 100); font-family: Arial, sans-serif; font-size: 9pt;\">Kontakt Gemeinschaftsdienst-Leiter: Markus Schaberg: 0172\/9979825<\/span><\/p>\n                  <\/div>\n                <\/div>\n              <\/div>\n            <\/div>\n          <\/div>\n          <div class=\"h-column h-column-container d-flex h-col-lg-4 h-col-md-4 h-col-12 style-319-outer style-local-234-c18-outer\">\n            <div data-colibri-id=\"234-c18\" class=\"d-flex h-flex-basis h-column__inner h-px-lg-3 h-px-md-3 h-px-2 v-inner-lg-3 v-inner-md-3 v-inner-2 style-319 style-local-234-c18 position-relative\">\n              <!---->\n              <!---->\n              <div class=\"w-100 h-y-container h-column__content h-column__v-align flex-basis-100 align-self-lg-start align-self-md-start align-self-start\">\n                <!---->\n                <div data-colibri-id=\"234-c19\" class=\"h-icon style-320 style-local-234-c19 position-relative h-element\">\n                  <!----><span class=\"h-svg-icon h-icon__icon style-320-icon style-local-234-c19-icon\"><!--Icon by Font Awesome (https:\/\/fontawesome.com)-->\n    <svg version=\"1.1\" xmlns=\"http:\/\/www.w3.org\/2000\/svg\" xmlns:xlink=\"http:\/\/www.w3.org\/1999\/xlink\" id=\"fast-forward\" viewBox=\"0 0 1792 1896.0833\">\n      <path d=\"M45 1651q-19 19-32 13t-13-32V160q0-26 13-32t32 13l710 710q9 9 13 19V160q0-26 13-32t32 13l710 710q9 9 13 19V192q0-26 19-45t45-19h128q26 0 45 19t19 45v1408q0 26-19 45t-45 19h-128q-26 0-45-19t-19-45V922q-4 10-13 19l-710 710q-19 19-32 13t-13-32V922q-4 10-13 19z\"><\/path>\n    <\/svg><\/span><\/div>\n                <div data-colibri-id=\"234-c20\" class=\"h-global-transition-all h-heading style-321 style-local-234-c20 position-relative h-element\">\n                  <!---->\n                  <div class=\"h-heading__outer style-321 style-local-234-c20\">\n                    <!---->\n                    <!---->\n                    <h5 class=\"\">Zusatztermine<\/h5>\n                  <\/div>\n                <\/div>\n                <div data-colibri-id=\"234-c21\" class=\"h-text h-text-component style-322 style-local-234-c21 position-relative h-element\">\n                  <!---->\n                  <!---->\n                  <div class=\"\">\n                    <p><span style=\"font-size: 11px; font-family: Arial, Helvetica, sans-serif; color: rgb(38, 53, 74);\">Nach Vereinbarung<\/span><\/p>\n                  <\/div>\n                <\/div>\n              <\/div>\n            <\/div>\n          <\/div>\n        <\/div>\n      <\/div>\n    <\/div>\n  <\/div>\n<\/div>","protected":false},"excerpt":{"rendered":"<p>Generelles Der Verein hat, au\u00dfer den Seen, auch viele Gr\u00fcnfl\u00e4chen und einen alten Baumbestand. Auch unsere Fl\u00e4chen, B\u00e4ume, Str\u00e4ucher und Pflanzen m\u00fcssen gepflegt werden, z.B. R\u00fcckschnitt, Rasen m\u00e4hen, Neupflanzungen, usw. Pro Jahr m\u00fcssen laut Satzung 10 Gemeinschaftsstunden geleistet werden. Diese Pflichtstunden werden bei Nichtableistung mit 15 \u20ac pro Stunde in Rechnung gestellt. Bitte lasst euch [&hellip;]<\/p>\n","protected":false},"author":1,"featured_media":0,"parent":199,"menu_order":0,"comment_status":"closed","ping_status":"closed","template":"page-templates\/full-width-page.php","meta":{"footnotes":""},"class_list":["post-234","page","type-page","status-publish","hentry"],"_links":{"self":[{"href":"https:\/\/www.sac-kaiserswerth.de\/index.php\/wp-json\/wp\/v2\/pages\/234","targetHints":{"allow":["GET"]}}],"collection":[{"href":"https:\/\/www.sac-kaiserswerth.de\/index.php\/wp-json\/wp\/v2\/pages"}],"about":[{"href":"https:\/\/www.sac-kaiserswerth.de\/index.php\/wp-json\/wp\/v2\/types\/page"}],"author":[{"embeddable":true,"href":"https:\/\/www.sac-kaiserswerth.de\/index.php\/wp-json\/wp\/v2\/users\/1"}],"replies":[{"embeddable":true,"href":"https:\/\/www.sac-kaiserswerth.de\/index.php\/wp-json\/wp\/v2\/comments?post=234"}],"version-history":[{"count":17,"href":"https:\/\/www.sac-kaiserswerth.de\/index.php\/wp-json\/wp\/v2\/pages\/234\/revisions"}],"predecessor-version":[{"id":6155,"href":"https:\/\/www.sac-kaiserswerth.de\/index.php\/wp-json\/wp\/v2\/pages\/234\/revisions\/6155"}],"up":[{"embeddable":true,"href":"https:\/\/www.sac-kaiserswerth.de\/index.php\/wp-json\/wp\/v2\/pages\/199"}],"wp:attachment":[{"href":"https:\/\/www.sac-kaiserswerth.de\/index.php\/wp-json\/wp\/v2\/media?parent=234"}],"curies":[{"name":"wp","href":"https:\/\/api.w.org\/{rel}","templated":true}]}}