{"id":238,"date":"2021-05-05T16:33:29","date_gmt":"2021-05-05T14:33:29","guid":{"rendered":"https:\/\/www.sac-kaiserswerth.de\/clickandbuilds\/SACKaiserswerth\/?page_id=238"},"modified":"2021-05-20T15:08:58","modified_gmt":"2021-05-20T13:08:58","slug":"links","status":"publish","type":"page","link":"https:\/\/www.sac-kaiserswerth.de\/index.php\/der-verein\/links\/","title":{"rendered":"Links"},"content":{"rendered":"<div data-colibri-id=\"238-c1\" class=\"style-798 style-local-238-c1 position-relative\">\n  <!---->\n  <div data-colibri-component=\"section\" data-colibri-id=\"238-c2\" id=\"features-2\" class=\"h-section h-section-global-spacing d-flex align-items-lg-center align-items-md-center align-items-center style-1093 style-local-238-c2 position-relative\">\n    <!---->\n    <!---->\n    <div class=\"h-section-grid-container h-section-boxed-container\">\n      <div data-colibri-id=\"238-c12\" class=\"h-row-container gutters-row-lg-2 gutters-row-md-2 gutters-row-2 gutters-row-v-lg-2 gutters-row-v-md-2 gutters-row-v-2 style-1101 style-local-238-c12 position-relative\">\n        <!---->\n        <div class=\"h-row justify-content-lg-center justify-content-md-center justify-content-center align-items-lg-stretch align-items-md-stretch align-items-stretch gutters-col-lg-2 gutters-col-md-2 gutters-col-2 gutters-col-v-lg-2 gutters-col-v-md-2 gutters-col-v-2\">\n          <!---->\n          <div class=\"h-column h-column-container d-flex h-col-lg-auto h-col-md-auto h-col-auto style-1102-outer style-local-238-c13-outer\">\n            <div data-colibri-id=\"238-c13\" class=\"d-flex h-flex-basis h-column__inner h-px-lg-2 h-px-md-2 h-px-2 v-inner-lg-2 v-inner-md-2 v-inner-2 style-1102 style-local-238-c13 position-relative\">\n              <!---->\n              <!---->\n              <div class=\"w-100 h-y-container h-column__content h-column__v-align flex-basis-100 align-self-lg-start align-self-md-start align-self-start\">\n                <!---->\n                <div data-colibri-id=\"238-c14\" class=\"h-global-transition-all h-heading style-1103 style-local-238-c14 position-relative h-element\">\n                  <!---->\n                  <div class=\"h-heading__outer style-1103 style-local-238-c14\">\n                    <!---->\n                    <!---->\n                    <h4 class=\"\">UNTERWASSERAUFNAHMEN<\/h4>\n                  <\/div>\n                <\/div>\n                <div data-colibri-id=\"238-c15\" class=\"h-text h-text-component style-1100 style-local-238-c15 position-relative h-element\">\n                  <!---->\n                  <!---->\n                  <div class=\"\">\n                    <p>Unser besonderer Dank gilt dem S\u00fc\u00dfwasserbiologen, Umweltausbilder und Naturschutztaucher\n                      <a href=\"mailto:Markus.Esser@tauchteam-mg.de\">Dr. Markus E\u00dfer<\/a> f\u00fcr seine Hingabe und Freude an der Natur, am Tauchen und an Unterwasseraufnahmen. S\u00e4mtliche auf der Homepage dargestellten Bilder und Videos unter Wasser stammen von ihm. So l\u00e4sst er uns teilhaben an einer einzigartigen\n                      und sch\u00fctzenswerten Unterwasserwelt.<\/p>\n                    <p>Bei der &#8220;International Offenen Deutschen Meisterschaft in der Unterwasserfotografie und Unterwasservideografie&#8221; 2020 in der Kategorie &#8220;UW-Foto Lkw. B, Kat.3: Kreativ&#8221; hat er den 4. Platz erreicht. Herzlichen Gl\u00fcckwunsch!<\/p>\n                    <p>Durch die Kooperation mit der Naturschutztauchgruppe Niederrhein und Herrn Dr. E\u00dfer sind sowohl biologische Daten der Vereinsgew\u00e4sser als auch Unterwasseraufnahmen verf\u00fcgbar.<\/p>\n                    <p>Dr. E\u00dfer ist Mitglied des Tauchteam M\u00f6nchengladbach e.V., setzt sich beispiellos f\u00fcr den Naturschutz ein und wir freuen uns immer \u00fcber einen Besuch von ihm an und in unseren Gew\u00e4ssern.<\/p>\n                  <\/div>\n                <\/div>\n              <\/div>\n            <\/div>\n          <\/div>\n        <\/div>\n      <\/div>\n      <div data-colibri-id=\"238-c3\" class=\"h-row-container gutters-row-lg-3 gutters-row-md-3 gutters-row-2 gutters-row-v-lg-3 gutters-row-v-md-3 gutters-row-v-3 style-1094 style-local-238-c3 position-relative\">\n        <!---->\n        <div class=\"h-row justify-content-lg-center justify-content-md-center justify-content-center align-items-lg-stretch align-items-md-stretch align-items-stretch gutters-col-lg-3 gutters-col-md-3 gutters-col-2 gutters-col-v-lg-3 gutters-col-v-md-3 gutters-col-v-3\">\n          <!---->\n          <div data-aos=\"fadeInUp\" class=\"h-column h-column-container d-flex h-col-lg-auto h-col-md-auto h-col-auto style-1095-outer style-local-238-c4-outer\">\n            <div data-colibri-id=\"238-c4\" class=\"d-flex h-flex-basis h-column__inner h-ui-empty-state-container h-px-lg-0 h-px-md-0 h-px-0 v-inner-lg-0 v-inner-md-0 v-inner-0 style-1095 style-local-238-c4 position-relative\">\n              <!---->\n              <!---->\n              <div class=\"w-100 h-y-container h-column__content h-column__v-align flex-basis-100\">\n                <!---->\n              <\/div>\n            <\/div>\n          <\/div>\n        <\/div>\n      <\/div>\n      <div data-colibri-id=\"238-c5\" class=\"h-row-container gutters-row-lg-2 gutters-row-md-2 gutters-row-2 gutters-row-v-lg-2 gutters-row-v-md-2 gutters-row-v-2 style-1096 style-local-238-c5 position-relative\">\n        <!---->\n        <div class=\"h-row justify-content-lg-center justify-content-md-center justify-content-center align-items-lg-stretch align-items-md-stretch align-items-stretch gutters-col-lg-2 gutters-col-md-2 gutters-col-2 gutters-col-v-lg-2 gutters-col-v-md-2 gutters-col-v-2\">\n          <!---->\n          <div class=\"h-column h-column-container d-flex h-col-lg-12 h-col-md-12 h-col-12 style-1097-outer style-local-238-c6-outer\">\n            <div data-colibri-id=\"238-c6\" class=\"d-flex h-flex-basis h-column__inner h-px-lg-0 h-px-md-0 h-px-0 v-inner-lg-0 v-inner-md-0 v-inner-0 style-1097 style-local-238-c6 position-relative\">\n              <!---->\n              <!---->\n              <div class=\"w-100 h-y-container h-column__content h-column__v-align flex-basis-100 align-self-lg-start align-self-md-start align-self-start\">\n                <!---->\n                <div data-colibri-id=\"238-c7\" class=\"h-icon style-1098 style-local-238-c7 position-relative h-element\">\n                  <!----><span class=\"h-svg-icon h-icon__icon style-1098-icon style-local-238-c7-icon\"><!--Icon by Font Awesome (https:\/\/fontawesome.com)--><svg version=\"1.1\" xmlns=\"http:\/\/www.w3.org\/2000\/svg\" xmlns:xlink=\"http:\/\/www.w3.org\/1999\/xlink\" id=\"sort-amount-desc\" viewBox=\"0 0 1792 1896.0833\"><path d=\"M1216 1568v192q0 14-9 23t-23 9H928q-14 0-23-9t-9-23v-192q0-14 9-23t23-9h256q14 0 23 9t9 23zm-480-128q0 12-10 24l-319 319q-10 9-23 9-12 0-23-9L41 1463q-15-16-7-35 8-20 30-20h192V32q0-14 9-23t23-9h192q14 0 23 9t9 23v1376h192q14 0 23 9t9 23zm672-384v192q0 14-9 23t-23 9H928q-14 0-23-9t-9-23v-192q0-14 9-23t23-9h448q14 0 23 9t9 23zm192-512v192q0 14-9 23t-23 9H928q-14 0-23-9t-9-23V544q0-14 9-23t23-9h640q14 0 23 9t9 23zm192-512v192q0 14-9 23t-23 9H928q-14 0-23-9t-9-23V32q0-14 9-23t23-9h832q14 0 23 9t9 23z\"><\/path><\/svg><\/span><\/div>\n                <div\n                  data-colibri-id=\"238-c8\" class=\"h-global-transition-all h-heading style-1099 style-local-238-c8 position-relative h-element\">\n                  <!---->\n                  <div class=\"h-heading__outer style-1099 style-local-238-c8\">\n                    <!---->\n                    <!---->\n                    <h4 class=\"\">Tauchteam M\u00f6nchengladbach e.V.<\/h4>\n                  <\/div>\n              <\/div>\n              <div data-colibri-id=\"238-c9\" class=\"h-text h-text-component style-1100 style-local-238-c9 position-relative h-element\">\n                <!---->\n                <!---->\n                <div class=\"\">\n                  <p>Der Tauchverein in M\u00f6nchengladbach<\/p>\n                  <p>Der seit 1974 bestehender Verein ist Mitglied im VDST und widmet sich dem Tauchsport mit all seinen Facetten.<\/p>\n                  <p>Neben einer umfassenden Tauchausbildung, die bei den J\u00fcngsten mit 8 Jahren beginnt und bis zum Tauchlehrer geht, werden mehrmals im Jahr Tauchausfl\u00fcge zu Zielen im In- und Ausland veranstaltet.<\/p>\n                  <p>F\u00fcr die Freunde des Unterwasserrugbys gibt es einen Seniorenbereich sowie eine Jugendmannschaft.<\/p>\n                  <p>Nat\u00fcrlich finden auch gen\u00fcgend gesellige Abende im Clubheim statt, bei denen nicht nur \u00fcbers Tauchen gesprochen wird.<\/p>\n                <\/div>\n              <\/div>\n              <div data-colibri-id=\"238-c10\" class=\"h-x-container style-1105 style-local-238-c10 position-relative h-element\">\n                <!---->\n                <div class=\"h-x-container-inner style-dynamic-238-c10-group style-1105-spacing style-local-238-c10-spacing\"><span class=\"h-link__outer style-1106-outer style-local-238-c11-outer d-inline-flex h-element\"><a h-use-smooth-scroll=\"true\" href=\"https:\/\/www.tauchteam-mg.de\/index.html\"  data-colibri-id=\"238-c11\" class=\"d-flex w-100 align-items-center h-link style-1106 style-local-238-c11 position-relative\"><!----><!----> <span>Link zum Verein<\/span><\/a>\n                  <\/span>\n                <\/div>\n              <\/div>\n            <\/div>\n          <\/div>\n        <\/div>\n      <\/div>\n    <\/div>\n  <\/div>\n<\/div>\n<\/div>","protected":false},"excerpt":{"rendered":"<p>UNTERWASSERAUFNAHMEN Unser besonderer Dank gilt dem S\u00fc\u00dfwasserbiologen, Umweltausbilder und Naturschutztaucher Dr. Markus E\u00dfer f\u00fcr seine Hingabe und Freude an der Natur, am Tauchen und an Unterwasseraufnahmen. S\u00e4mtliche auf der Homepage dargestellten Bilder und Videos unter Wasser stammen von ihm. So l\u00e4sst er uns teilhaben an einer einzigartigen und sch\u00fctzenswerten Unterwasserwelt. Bei der &#8220;International Offenen Deutschen [&hellip;]<\/p>\n","protected":false},"author":1,"featured_media":0,"parent":199,"menu_order":0,"comment_status":"closed","ping_status":"closed","template":"page-templates\/full-width-page.php","meta":{"footnotes":""},"class_list":["post-238","page","type-page","status-publish","hentry"],"_links":{"self":[{"href":"https:\/\/www.sac-kaiserswerth.de\/index.php\/wp-json\/wp\/v2\/pages\/238","targetHints":{"allow":["GET"]}}],"collection":[{"href":"https:\/\/www.sac-kaiserswerth.de\/index.php\/wp-json\/wp\/v2\/pages"}],"about":[{"href":"https:\/\/www.sac-kaiserswerth.de\/index.php\/wp-json\/wp\/v2\/types\/page"}],"author":[{"embeddable":true,"href":"https:\/\/www.sac-kaiserswerth.de\/index.php\/wp-json\/wp\/v2\/users\/1"}],"replies":[{"embeddable":true,"href":"https:\/\/www.sac-kaiserswerth.de\/index.php\/wp-json\/wp\/v2\/comments?post=238"}],"version-history":[{"count":20,"href":"https:\/\/www.sac-kaiserswerth.de\/index.php\/wp-json\/wp\/v2\/pages\/238\/revisions"}],"predecessor-version":[{"id":3064,"href":"https:\/\/www.sac-kaiserswerth.de\/index.php\/wp-json\/wp\/v2\/pages\/238\/revisions\/3064"}],"up":[{"embeddable":true,"href":"https:\/\/www.sac-kaiserswerth.de\/index.php\/wp-json\/wp\/v2\/pages\/199"}],"wp:attachment":[{"href":"https:\/\/www.sac-kaiserswerth.de\/index.php\/wp-json\/wp\/v2\/media?parent=238"}],"curies":[{"name":"wp","href":"https:\/\/api.w.org\/{rel}","templated":true}]}}