{"id":74,"date":"2021-05-05T15:54:46","date_gmt":"2021-05-05T13:54:46","guid":{"rendered":"https:\/\/www.sac-kaiserswerth.de\/clickandbuilds\/SACKaiserswerth\/?page_id=74"},"modified":"2021-05-10T21:31:16","modified_gmt":"2021-05-10T19:31:16","slug":"jugend","status":"publish","type":"page","link":"https:\/\/www.sac-kaiserswerth.de\/index.php\/jugend\/","title":{"rendered":"Jugend"},"content":{"rendered":"<div data-colibri-id=\"74-c1\" class=\"style-727 style-local-74-c1 position-relative\">\n  <!---->\n  <div data-colibri-component=\"section\" data-colibri-id=\"74-c2\" id=\"overlappable\" class=\"h-section h-section-global-spacing d-flex align-items-lg-center align-items-md-center align-items-center style-728 style-local-74-c2 position-relative\">\n    <!---->\n    <!---->\n    <div class=\"h-section-grid-container h-section-boxed-container\">\n      <!---->\n      <div data-colibri-id=\"74-c23\" class=\"h-row-container gutters-row-lg-2 gutters-row-md-2 gutters-row-0 gutters-row-v-lg-2 gutters-row-v-md-2 gutters-row-v-2 style-744 style-local-74-c23 position-relative\">\n        <!---->\n        <div class=\"h-row justify-content-lg-center justify-content-md-center justify-content-center align-items-lg-stretch align-items-md-stretch align-items-stretch gutters-col-lg-2 gutters-col-md-2 gutters-col-0 gutters-col-v-lg-2 gutters-col-v-md-2 gutters-col-v-2\">\n          <!---->\n          <div class=\"h-column h-column-container d-flex h-col-lg-auto h-col-md-auto h-col-auto style-745-outer style-local-74-c24-outer\">\n            <div data-colibri-id=\"74-c24\" class=\"d-flex h-flex-basis h-column__inner h-ui-empty-state-container h-px-lg-2 h-px-md-2 h-px-2 v-inner-lg-2 v-inner-md-2 v-inner-2 style-745 style-local-74-c24 position-relative\">\n              <!---->\n              <!---->\n              <div class=\"w-100 h-y-container h-column__content h-column__v-align flex-basis-100\">\n                <!---->\n              <\/div>\n            <\/div>\n          <\/div>\n          <div class=\"h-column h-column-container d-flex h-col-lg-auto h-col-md-auto h-col-auto style-746-outer style-local-74-c25-outer\">\n            <div data-colibri-id=\"74-c25\" class=\"d-flex h-flex-basis h-column__inner h-ui-empty-state-container h-px-lg-2 h-px-md-2 h-px-2 v-inner-lg-2 v-inner-md-2 v-inner-2 style-746 style-local-74-c25 position-relative\">\n              <!---->\n              <!---->\n              <div class=\"w-100 h-y-container h-column__content h-column__v-align flex-basis-100\">\n                <!---->\n              <\/div>\n            <\/div>\n          <\/div>\n        <\/div>\n      <\/div>\n      <div data-colibri-id=\"74-c20\" class=\"h-row-container gutters-row-lg-2 gutters-row-md-2 gutters-row-0 gutters-row-v-lg-2 gutters-row-v-md-2 gutters-row-v-2 style-741 style-local-74-c20 position-relative\">\n        <!---->\n        <div class=\"h-row justify-content-lg-center justify-content-md-center justify-content-center align-items-lg-stretch align-items-md-stretch align-items-stretch gutters-col-lg-2 gutters-col-md-2 gutters-col-0 gutters-col-v-lg-2 gutters-col-v-md-2 gutters-col-v-2\">\n          <!---->\n          <div class=\"h-column h-column-container d-flex h-col-lg-auto h-col-md-auto h-col-auto style-742-outer style-local-74-c21-outer\">\n            <div data-colibri-id=\"74-c21\" class=\"d-flex h-flex-basis h-column__inner h-ui-empty-state-container h-px-lg-2 h-px-md-2 h-px-2 v-inner-lg-2 v-inner-md-2 v-inner-2 style-742 style-local-74-c21 position-relative\">\n              <!---->\n              <!---->\n              <div class=\"w-100 h-y-container h-column__content h-column__v-align flex-basis-100\">\n                <!---->\n              <\/div>\n            <\/div>\n          <\/div>\n          <div class=\"h-column h-column-container d-flex h-col-lg-auto h-col-md-auto h-col-auto style-743-outer style-local-74-c22-outer\">\n            <div data-colibri-id=\"74-c22\" class=\"d-flex h-flex-basis h-column__inner h-ui-empty-state-container h-px-lg-2 h-px-md-2 h-px-2 v-inner-lg-2 v-inner-md-2 v-inner-2 style-743 style-local-74-c22 position-relative\">\n              <!---->\n              <!---->\n              <div class=\"w-100 h-y-container h-column__content h-column__v-align flex-basis-100\">\n                <!---->\n              <\/div>\n            <\/div>\n          <\/div>\n        <\/div>\n      <\/div>\n      <div data-colibri-id=\"74-c3\" class=\"h-row-container gutters-row-lg-0 gutters-row-md-0 gutters-row-0 gutters-row-v-lg-0 gutters-row-v-md-0 gutters-row-v-0 style-729 style-local-74-c3 position-relative\">\n        <!---->\n        <div class=\"h-row justify-content-lg-center justify-content-md-center justify-content-center align-items-lg-stretch align-items-md-stretch align-items-stretch gutters-col-lg-0 gutters-col-md-0 gutters-col-0 gutters-col-v-lg-0 gutters-col-v-md-0 gutters-col-v-0\">\n          <!---->\n          <div class=\"h-column h-column-container d-flex h-col-lg-auto h-col-md-auto h-col-auto style-730-outer style-local-74-c4-outer\">\n            <div data-colibri-id=\"74-c4\" class=\"d-flex h-flex-basis h-column__inner h-ui-empty-state-container h-px-lg-0 h-px-md-0 h-px-0 v-inner-lg-0 v-inner-md-0 v-inner-0 style-730 style-local-74-c4 position-relative\">\n              <!---->\n              <!---->\n              <div class=\"w-100 h-y-container h-column__content h-column__v-align flex-basis-100\">\n                <!---->\n              <\/div>\n            <\/div>\n          <\/div>\n          <div class=\"h-column h-column-container d-flex h-col-lg-auto h-col-md-auto h-col-auto style-731-outer style-local-74-c5-outer\">\n            <div data-colibri-id=\"74-c5\" class=\"d-flex h-flex-basis h-column__inner h-px-lg-2 h-px-md-2 h-px-2 v-inner-lg-2 v-inner-md-2 v-inner-2 style-731 style-local-74-c5 position-relative\">\n              <!---->\n              <!---->\n              <div class=\"w-100 h-y-container h-column__content h-column__v-align flex-basis-100 align-self-lg-center align-self-md-center align-self-center\">\n                <!---->\n                <div data-colibri-id=\"74-c7\" class=\"h-text h-text-component style-733 style-local-74-c7 position-relative h-element\">\n                  <!---->\n                  <!---->\n                  <div class=\"\">\n                    <p>Unser Angelverein&nbsp;hat eine starke Jugend! Die Jugendlichen sind zwischen 10 und 18 Jahre alt. Unser&nbsp;\n                      <a href=\"mailto:ralf.sauer@sac-kaiserswerth.de\" style=\"color: rgb(56, 88, 56);\"><strong>Jugendwart<\/strong><\/a>&nbsp;sowie die anderen Vorstandsmitglieder f\u00fchlen sich f\u00fcr die Aktivit\u00e4ten und die Betreuung der Jugendlichen verantwortlich und k\u00fcmmern sich daher intensiv um sie.<\/p>\n                    <p>Neben dem gemeinsamen Angeln an den vereinseigenen Gew\u00e4ssern f\u00f6rdern wir das Gruppen- und Gemeinschaftsgef\u00fchl der Jugendlichen. Neben dem Thema Fischfang unterweisen wir unsere Jugendlichen auch im Natur-, Tier- und Umweltschutz, wobei\n                      der soziale Aspekt gest\u00e4rkt wird, der in der heutigen Zeit leider viel zu oft vernachl\u00e4ssigt wird.<\/p>\n                  <\/div>\n                <\/div>\n              <\/div>\n            <\/div>\n          <\/div>\n          <div class=\"h-column h-column-container d-flex h-col-lg-auto h-col-md-auto h-col-auto style-731-outer style-local-74-c10-outer\">\n            <div data-colibri-id=\"74-c10\" class=\"d-flex h-flex-basis h-column__inner h-px-lg-2 h-px-md-2 h-px-2 v-inner-lg-2 v-inner-md-2 v-inner-2 style-731 style-local-74-c10 position-relative\">\n              <!---->\n              <!---->\n              <div class=\"w-100 h-y-container h-column__content h-column__v-align flex-basis-100 align-self-lg-center align-self-md-center align-self-center\">\n                <!---->\n                <div data-colibri-id=\"74-c12\" class=\"h-text h-text-component style-733 style-local-74-c12 position-relative h-element\">\n                  <!---->\n                  <!---->\n                  <div class=\"\">\n                    <p><span style=\"font-size: 16px; font-family: &quot;Open Sans&quot;; color: rgb(105, 108, 119);\">Die jungen Angler sollen neben dem Fischen auch die Vorg\u00e4nge in der Natur und ihre Zusammenh\u00e4nge verstehen, erhalten und respektieren lernen. Wir f\u00fchren bei internen Treffen unseren Jugendlichen besondere Angeltechniken wie Spinnfischen, Raubfischangeln, Karpfenangeln etc. vor. Zur Vorbereitung auf die Fischereipr\u00fcfung (ab dem 14. Lebensjahr) stehen wir den jungen Anglern selbstverst\u00e4ndlich zur Seite. Ein Vereinsmitglied bietet im D\u00fcsseldorfer Norden Vorbereitungskurse an. Dort gehen wir&nbsp;mit ihnen gemeinsam die Fragen durch, behandeln ausf\u00fchrlich die Wissensgebiete und helfen beim Zusammenstellen der Ruten.<\/span><\/p>\n                  <\/div>\n                <\/div>\n              <\/div>\n            <\/div>\n          <\/div>\n          <div class=\"h-column h-column-container d-flex h-col-lg-auto h-col-md-auto h-col-auto style-736-outer style-local-74-c15-outer\">\n            <div data-colibri-id=\"74-c15\" class=\"d-flex h-flex-basis h-column__inner h-ui-empty-state-container h-px-lg-0 h-px-md-0 h-px-0 v-inner-lg-0 v-inner-md-0 v-inner-0 style-736 style-local-74-c15 position-relative\">\n              <!---->\n              <!---->\n              <div class=\"w-100 h-y-container h-column__content h-column__v-align flex-basis-100\">\n                <!---->\n              <\/div>\n            <\/div>\n          <\/div>\n        <\/div>\n      <\/div>\n    <\/div>\n  <\/div>\n<\/div>","protected":false},"excerpt":{"rendered":"<p>Unser Angelverein&nbsp;hat eine starke Jugend! Die Jugendlichen sind zwischen 10 und 18 Jahre alt. Unser&nbsp; Jugendwart&nbsp;sowie die anderen Vorstandsmitglieder f\u00fchlen sich f\u00fcr die Aktivit\u00e4ten und die Betreuung der Jugendlichen verantwortlich und k\u00fcmmern sich daher intensiv um sie. Neben dem gemeinsamen Angeln an den vereinseigenen Gew\u00e4ssern f\u00f6rdern wir das Gruppen- und Gemeinschaftsgef\u00fchl der Jugendlichen. Neben dem [&hellip;]<\/p>\n","protected":false},"author":1,"featured_media":0,"parent":0,"menu_order":0,"comment_status":"closed","ping_status":"closed","template":"page-templates\/full-width-page.php","meta":{"footnotes":""},"class_list":["post-74","page","type-page","status-publish","hentry"],"_links":{"self":[{"href":"https:\/\/www.sac-kaiserswerth.de\/index.php\/wp-json\/wp\/v2\/pages\/74","targetHints":{"allow":["GET"]}}],"collection":[{"href":"https:\/\/www.sac-kaiserswerth.de\/index.php\/wp-json\/wp\/v2\/pages"}],"about":[{"href":"https:\/\/www.sac-kaiserswerth.de\/index.php\/wp-json\/wp\/v2\/types\/page"}],"author":[{"embeddable":true,"href":"https:\/\/www.sac-kaiserswerth.de\/index.php\/wp-json\/wp\/v2\/users\/1"}],"replies":[{"embeddable":true,"href":"https:\/\/www.sac-kaiserswerth.de\/index.php\/wp-json\/wp\/v2\/comments?post=74"}],"version-history":[{"count":5,"href":"https:\/\/www.sac-kaiserswerth.de\/index.php\/wp-json\/wp\/v2\/pages\/74\/revisions"}],"predecessor-version":[{"id":2061,"href":"https:\/\/www.sac-kaiserswerth.de\/index.php\/wp-json\/wp\/v2\/pages\/74\/revisions\/2061"}],"wp:attachment":[{"href":"https:\/\/www.sac-kaiserswerth.de\/index.php\/wp-json\/wp\/v2\/media?parent=74"}],"curies":[{"name":"wp","href":"https:\/\/api.w.org\/{rel}","templated":true}]}}