{"id":90,"date":"2021-05-05T16:07:18","date_gmt":"2021-05-05T14:07:18","guid":{"rendered":"https:\/\/www.sac-kaiserswerth.de\/clickandbuilds\/SACKaiserswerth\/index.php\/teluro\/"},"modified":"2026-04-26T12:43:55","modified_gmt":"2026-04-26T10:43:55","slug":"teluro","status":"publish","type":"page","link":"https:\/\/www.sac-kaiserswerth.de\/","title":{"rendered":"Startseite"},"content":{"rendered":"<div data-colibri-id=\"90-c1\" class=\"style-202 style-local-90-c1 position-relative\">\n  <!---->\n  <div data-colibri-component=\"section\" data-colibri-id=\"90-c2\" id=\"custom\" class=\"h-section h-section-global-spacing d-flex align-items-lg-center align-items-md-center align-items-center style-993 style-local-90-c2 position-relative\">\n    <div class=\"background-wrapper\">\n      <div class=\"background-layer background-layer-media-container-lg\">\n        <!---->\n        <div class=\"overlay-layer\">\n          <div class=\"overlay-image-layer\" style=\"background-color: rgb(0, 0, 0); opacity: 0.5;\"><\/div>\n        <\/div>\n      <\/div>\n      <div class=\"background-layer background-layer-media-container-md\">\n        <!---->\n        <div class=\"overlay-layer\">\n          <div class=\"overlay-image-layer\" style=\"background-color: rgb(0, 0, 0); opacity: 0.5;\"><\/div>\n        <\/div>\n      <\/div>\n      <div class=\"background-layer background-layer-media-container\">\n        <!---->\n        <div class=\"overlay-layer\">\n          <div class=\"overlay-image-layer\" style=\"background-color: rgb(0, 0, 0); opacity: 0.5;\"><\/div>\n        <\/div>\n      <\/div>\n    <\/div>\n    <!---->\n    <div class=\"h-section-grid-container h-section-boxed-container\">\n      <!---->\n      <div data-colibri-id=\"90-c3\" class=\"h-row-container gutters-row-lg-2 gutters-row-md-2 gutters-row-0 gutters-row-v-lg-2 gutters-row-v-md-2 gutters-row-v-2 style-1347 style-local-90-c3 position-relative\">\n        <!---->\n        <div class=\"h-row justify-content-lg-center justify-content-md-center justify-content-center align-items-lg-stretch align-items-md-stretch align-items-stretch gutters-col-lg-2 gutters-col-md-2 gutters-col-0 gutters-col-v-lg-2 gutters-col-v-md-2 gutters-col-v-2\">\n          <!---->\n          <div class=\"h-column h-column-container d-flex h-col-lg-auto h-col-md-auto h-col-auto style-1348-outer style-local-90-c4-outer\">\n            <div data-colibri-id=\"90-c4\" class=\"d-flex h-flex-basis h-column__inner h-ui-empty-state-container h-px-lg-2 h-px-md-2 h-px-2 v-inner-lg-2 v-inner-md-2 v-inner-2 style-1348 style-local-90-c4 position-relative\">\n              <!---->\n              <!---->\n              <div class=\"w-100 h-y-container h-column__content h-column__v-align flex-basis-100\">\n                <!---->\n              <\/div>\n            <\/div>\n          <\/div>\n        <\/div>\n      <\/div>\n      <div data-colibri-id=\"90-c5\" class=\"h-row-container gutters-row-lg-2 gutters-row-md-2 gutters-row-0 gutters-row-v-lg-2 gutters-row-v-md-2 gutters-row-v-2 style-996 style-local-90-c5 position-relative\">\n        <!---->\n        <div class=\"h-row justify-content-lg-center justify-content-md-center justify-content-center align-items-lg-stretch align-items-md-stretch align-items-stretch gutters-col-lg-2 gutters-col-md-2 gutters-col-0 gutters-col-v-lg-2 gutters-col-v-md-2 gutters-col-v-2\">\n          <!---->\n          <div class=\"h-column h-column-container d-flex h-col-lg-auto h-col-md-auto h-col-auto style-997-outer style-local-90-c6-outer\">\n            <div data-colibri-id=\"90-c6\" class=\"d-flex h-flex-basis h-column__inner h-px-lg-2 h-px-md-2 h-px-2 v-inner-lg-2 v-inner-md-2 v-inner-2 style-997 style-local-90-c6 position-relative\">\n              <!---->\n              <!---->\n              <div class=\"w-100 h-y-container h-column__content h-column__v-align flex-basis-100 align-self-lg-start align-self-md-start align-self-start\">\n                <!---->\n                <div data-colibri-id=\"90-c7\" class=\"h-text h-text-component style-998 style-local-90-c7 position-relative h-element\">\n                  <!---->\n                  <!---->\n                  <div class=\"\">\n                    <p>Der Sport-Angler-Club D\u00fcsseldorf-Kaiserswerth 1909 e.V. ist einer der \u00e4ltesten Angelvereine in D\u00fcsseldorf. Er wurde im Jahre 1909 im \u201eZweibr\u00fccker Hof\u201c (K\u00f6nigsallee) gegr\u00fcndet. Von 1909 bis ins Jahr 1977 war die Rheinstrecke von Lohausen\n                      bis zur Schwarzbachm\u00fcndung (Wittlaer) das Vereinsgew\u00e4sser. Im Jahr 1970 wurden der Kiesbaggersee Suitbertus-See, dann der Fliedner-See und zuletzt der Lambertus-See als Vereinsgew\u00e4sser gepachtet. Alle Gew\u00e4sser sind zusammen etwa\n                      21 ha gro\u00df.<\/p>\n                    <p>&nbsp;<\/p>\n                    <p>&nbsp;Aktuell werden der Suitbertus-See und der Fliedner-See zum Sportangeln genutzt, der Lambertus-See geh\u00f6rt seit 2013 nicht mehr zum Vereinsgew\u00e4sser.<\/p>\n                    <p>&nbsp;<\/p>\n                    <p>Angeln im Sport-Angler-Club D\u00fcsseldorf-Kaiserswerth 1909 e.V. ist nicht nur Angeln, sondern es umfasst eine Menge von Dingen; sich der Natur in besonderer Art und Weise zuzuwenden, Umwelt- und Artenschutz betreiben, den nat\u00fcrlichen\n                      Lebensraum f\u00fcr unsere heimischen Fische, Tiere und Pflanzen erhalten und zu pflegen. Die Aus\u00fcbung der waidgerechten Angelfischerei und des Casting-Sports dienen ebenso der k\u00f6rperlichen Ert\u00fcchtigung, Gesunderhaltung, Erholung und\n                      Lebensfreude unserer Mitglieder.<\/p>\n                    <p>&nbsp;<\/p>\n                    <p>So sind die Gew\u00e4sser f\u00fcr uns Angler auch eine R\u00fcckzugsst\u00e4tte geworden, wo wir uns vom immer gr\u00f6\u00dfer werdenden Stress erholen und entspannen k\u00f6nnen. Nach kurzem Einbruch der Mitgliederzahl, liegt Angeln wieder voll im Trend, so dass\n                      wir seit Beginn 2020 wieder viele neue Mitglieder in unserem Verein begr\u00fc\u00dfen durften.&nbsp;<\/p>\n                    <p>&nbsp;<\/p>\n                    <p>Im Sport-Angler-Club D\u00fcsseldorf-Kaiserswerth 1909 e.V. w\u00e4chst die Jugend! Die Jugendlichen sind zwischen 10 und 18 Jahre alt. Unser Jugendwart sowie die anderen Vorstandsmitglieder f\u00fchlen sich f\u00fcr die Aktivit\u00e4ten und die Betreuung\n                      der Jugendlichen verantwortlich und k\u00fcmmern sich daher intensiv um sie. Neben dem gemeinsamen Angeln an den vereinseigenen Gew\u00e4ssern f\u00f6rdern wir das Gruppen- und Gemeinschaftsgef\u00fchl der Jugendlichen. Neben dem Thema Fischfang unterweisen\n                      wir unsere Jugendlichen auch im Natur-, Tier- und Umweltschutz, wobei der soziale Aspekt gest\u00e4rkt wird, der in der heutigen Zeit leider viel zu oft vernachl\u00e4ssigt wird. Die jungen Angler sollen neben dem Fischen auch die Vorg\u00e4nge\n                      in der Natur und ihre Zusammenh\u00e4nge verstehen, erhalten und respektieren lernen. Nachhaltigkeit ist ein gro\u00dfes Thema.<\/p>\n                  <\/div>\n                <\/div>\n              <\/div>\n            <\/div>\n          <\/div>\n        <\/div>\n      <\/div>\n    <\/div>\n  <\/div>\n  <div data-colibri-component=\"section\" data-colibri-id=\"90-c8\" id=\"about-2\" class=\"h-section h-section-global-spacing d-flex align-items-lg-center align-items-md-center align-items-center style-230 style-local-90-c8 position-relative\">\n    <!---->\n    <!---->\n    <div class=\"h-section-grid-container h-section-boxed-container\">\n      <!---->\n      <div data-colibri-id=\"90-c9\" class=\"h-row-container gutters-row-lg-1 gutters-row-md-1 gutters-row-0 gutters-row-v-lg-1 gutters-row-v-md-1 gutters-row-v-1 style-231 style-local-90-c9 position-relative\">\n        <!---->\n        <div class=\"h-row justify-content-lg-center justify-content-md-center justify-content-center align-items-lg-stretch align-items-md-stretch align-items-stretch gutters-col-lg-1 gutters-col-md-1 gutters-col-0 gutters-col-v-lg-1 gutters-col-v-md-1 gutters-col-v-1\">\n          <!---->\n          <div data-aos=\"zoomIn\" class=\"h-column h-column-container d-flex h-col-lg-6 h-col-md-6 h-col-12 style-232-outer style-local-90-c10-outer\">\n            <div data-colibri-id=\"90-c10\" class=\"d-flex h-flex-basis h-column__inner h-ui-empty-state-container h-px-lg-2 h-px-md-2 h-px-2 v-inner-lg-2 v-inner-md-2 v-inner-2 style-232 style-local-90-c10 position-relative\">\n              <!---->\n              <!---->\n              <div class=\"w-100 h-y-container h-column__content h-column__v-align flex-basis-100\">\n                <!---->\n              <\/div>\n            <\/div>\n          <\/div>\n          <div class=\"h-column h-column-container d-flex h-col-lg-6 h-col-md-6 h-col-12 style-233-outer style-local-90-c11-outer\">\n            <div data-colibri-id=\"90-c11\" class=\"d-flex h-flex-basis h-column__inner h-px-lg-3 h-px-md-3 h-px-3 v-inner-lg-3 v-inner-md-3 v-inner-3 style-233 style-local-90-c11 position-relative\">\n              <!---->\n              <!---->\n              <div class=\"w-100 h-y-container h-column__content h-column__v-align flex-basis-100 align-self-lg-start align-self-md-start align-self-start\">\n                <!---->\n                <div data-colibri-id=\"90-c12\" class=\"h-global-transition-all h-heading style-234 style-local-90-c12 position-relative h-element\">\n                  <!---->\n                  <div class=\"h-heading__outer style-234 style-local-90-c12\">\n                    <!---->\n                    <!---->\n                    <h5 class=\"\">Termine<\/h5>\n                  <\/div>\n                <\/div>\n                <div data-colibri-id=\"90-c13\" class=\"h-text h-text-component style-236 style-local-90-c13 position-relative h-element\">\n                  <!---->\n                  <!---->\n                  <div class=\"\">\n                    <p>01.05.2026: Anangeln, Beginn 08:00-12:00 Uhr*<\/p>\n                    <p>23.05.2026: Gedenk-Angeln<span style=\"color: rgb(105, 108, 119); font-family: &quot;Open Sans&quot;; font-size: 16px; font-weight: 400;\">, Beginn 08:00-12:00 Uhr<\/span><\/p>\n                    <p>13.06.2026: Hegefischen Raubfisch, Beginn 08:00-12:00 Uhr<\/p>\n                    <p>11.07.2026: Nachtangeln, Grillen ab 14:00 Uhr, Angeln ab 18:00 Uhr<\/p>\n                    <p>28.08.-30.08.2026: Wochenendangeln, ab Freitag 17:30 Uhr bis&nbsp;Sonntag 12:00 Uhr<\/p>\n                    <p>September: Sommerfest (voraussichtlich 12.09. oder 19.09. &#8211; genauer Termin steht noch nicht fest): Beginn ab 14 Uhr mit R\u00e4ucherfisch<\/p>\n                    <p>10.10.2026: K\u00f6nigsangeln 2026, Beginn 08:00 &#8211; 12:00 Uhr*<\/p>\n                    <p>31.10.2026: Ab-Angeln: Beginn 08:00 &#8211; 12:00 Uhr<\/p>\n                    <p>*Roland\/David planen die Veranstaltungen An-Angeln, K\u00f6nigsangeln und ein Nacht- und\/oder Wochenendangeln auch f\u00fcr die Jugend anzubieten. Weitere Termine\/Veranstaltungen werden innerhalb der WhatsApp-Gruppe &#8220;SAC-Jugend&#8221; verk\u00fcndet. Bitte\n                      lasst euch von Roland\/David in die Gruppe aufnehmen.<\/p>\n                    <p>Je nach Teilnehmeranmeldung werden wir im Anschluss oder w\u00e4hrend des jeweiligen Events den Tag am Grill begleiten\/ausklingen lassen.<\/p>\n                    <p>Um unsere Veranstaltungen planen zu k\u00f6nnen, tragt euch bitte verbindlich in die Teilnehmerliste bis jeweils Mittwoch vor Veranstaltungstermin ein. Diese liegt neben der K\u00fcche fr\u00fchzeitig aus &#8211; oder auch gerne via Mail an&nbsp;\n                      <span\n                        style=\"color: rgb(0, 102, 204); font-size: 1em; font-weight: 400; font-family: &quot;Open Sans&quot;;\">info@sac-kaiserswerth.de<\/span>.<\/p>\n                    <p>Falls Events nicht stattfinden k\u00f6nnen sollten, werden die eingetragenen Teilnehmer entsprechend informiert.&nbsp;<\/p>\n                    <p>Also tragt euch bei Interesse in die ausliegenden Listen ein, schickt eine Email oder informiert Maximilian oder Roland.<\/p>\n                    <p>Der genaue Termin f\u00fcr das Sommerfest wird nach Abgleich mit in Kaiserswerth stattfindenden Veranstaltungen festgelegt.<\/p>\n                    <p>\n                      <br>\n                    <\/p>\n                  <\/div>\n                <\/div>\n              <\/div>\n            <\/div>\n          <\/div>\n        <\/div>\n      <\/div>\n    <\/div>\n  <\/div>\n  <div data-colibri-component=\"section\" data-colibri-id=\"90-c14\" id=\"custom-2\" class=\"h-section h-section-global-spacing d-flex align-items-lg-center align-items-md-center align-items-center style-1304 style-local-90-c14 position-relative\">\n    <!---->\n    <!---->\n    <div class=\"h-section-grid-container h-section-boxed-container\">\n      <!---->\n      <div data-colibri-id=\"90-c15\" class=\"h-row-container gutters-row-lg-0 gutters-row-md-0 gutters-row-0 gutters-row-v-lg-0 gutters-row-v-md-0 gutters-row-v-0 style-1305 style-local-90-c15 position-relative\">\n        <!---->\n        <div class=\"h-row justify-content-lg-center justify-content-md-center justify-content-center align-items-lg-stretch align-items-md-stretch align-items-stretch gutters-col-lg-0 gutters-col-md-0 gutters-col-0 gutters-col-v-lg-0 gutters-col-v-md-0 gutters-col-v-0\">\n          <!---->\n          <div class=\"h-column h-column-container d-flex h-col-lg-6 h-col-md-6 h-col-6 style-1306-outer style-local-90-c16-outer\">\n            <div data-colibri-id=\"90-c16\" class=\"d-flex h-flex-basis h-column__inner h-ui-empty-state-container h-px-lg-0 h-px-md-0 h-px-0 v-inner-lg-0 v-inner-md-0 v-inner-0 style-1306 style-local-90-c16 position-relative\">\n              <!---->\n              <!---->\n              <div class=\"w-100 h-y-container h-column__content h-column__v-align flex-basis-100\">\n                <!---->\n              <\/div>\n            <\/div>\n          <\/div>\n          <div class=\"h-column h-column-container d-flex h-col-lg-6 h-col-md-6 h-col-6 style-1308-outer style-local-90-c17-outer\">\n            <div data-colibri-id=\"90-c17\" class=\"d-flex h-flex-basis h-column__inner h-px-lg-2 h-px-md-2 h-px-2 v-inner-lg-2 v-inner-md-2 v-inner-2 style-1308 style-local-90-c17 position-relative\">\n              <!---->\n              <!---->\n              <div class=\"w-100 h-y-container h-column__content h-column__v-align flex-basis-100 align-self-lg-start align-self-md-start align-self-start\">\n                <!---->\n                <div data-colibri-id=\"90-c18\" class=\"h-text h-text-component style-1309 style-local-90-c18 position-relative h-element\">\n                  <!---->\n                  <!---->\n                  <div class=\"\">\n                    <p><span style=\"color: rgb(0, 0, 0); font-family: &quot;Open Sans&quot;; font-size: 10pt;\">Dieses Projekt wird als Teil der Reaktion der Europ\u00e4ischen&nbsp;Union auf die COVID-19-Pandemie gef\u00f6rdert.<\/span><\/p>\n                  <\/div>\n                <\/div>\n                <div data-colibri-id=\"90-c19\" class=\"h-x-container style-1310 style-local-90-c19 position-relative h-element\">\n                  <!---->\n                  <div class=\"h-x-container-inner style-dynamic-90-c19-group style-1310-spacing style-local-90-c19-spacing\"><span class=\"h-link__outer style-1311-outer style-local-90-c20-outer d-inline-flex h-element\"><a h-use-smooth-scroll=\"true\" href=\"https:\/\/www.ssbduesseldorf.de\/unsere-stadt-bewegen\/aktuelles\/artikel\/ssb-und-duesseldorfer-sportvereine-durch-europaeische-union-finanziell-unterstuetzt\"  data-colibri-id=\"90-c20\" class=\"d-flex w-100 align-items-center h-link style-1311 style-local-90-c20 position-relative\"><!----><!----> <span>Link<\/span><\/a>\n                    <\/span>\n                  <\/div>\n                <\/div>\n              <\/div>\n            <\/div>\n          <\/div>\n        <\/div>\n      <\/div>\n    <\/div>\n  <\/div>\n<\/div>","protected":false},"excerpt":{"rendered":"<p>Der Sport-Angler-Club D\u00fcsseldorf-Kaiserswerth 1909 e.V. ist einer der \u00e4ltesten Angelvereine in D\u00fcsseldorf. Er wurde im Jahre 1909 im \u201eZweibr\u00fccker Hof\u201c (K\u00f6nigsallee) gegr\u00fcndet. Von 1909 bis ins Jahr 1977 war die Rheinstrecke von Lohausen bis zur Schwarzbachm\u00fcndung (Wittlaer) das Vereinsgew\u00e4sser. Im Jahr 1970 wurden der Kiesbaggersee Suitbertus-See, dann der Fliedner-See und zuletzt der Lambertus-See als Vereinsgew\u00e4sser [&hellip;]<\/p>\n","protected":false},"author":1,"featured_media":0,"parent":0,"menu_order":0,"comment_status":"closed","ping_status":"closed","template":"page-templates\/homepage.php","meta":{"footnotes":""},"class_list":["post-90","page","type-page","status-publish","hentry"],"_links":{"self":[{"href":"https:\/\/www.sac-kaiserswerth.de\/index.php\/wp-json\/wp\/v2\/pages\/90","targetHints":{"allow":["GET"]}}],"collection":[{"href":"https:\/\/www.sac-kaiserswerth.de\/index.php\/wp-json\/wp\/v2\/pages"}],"about":[{"href":"https:\/\/www.sac-kaiserswerth.de\/index.php\/wp-json\/wp\/v2\/types\/page"}],"author":[{"embeddable":true,"href":"https:\/\/www.sac-kaiserswerth.de\/index.php\/wp-json\/wp\/v2\/users\/1"}],"replies":[{"embeddable":true,"href":"https:\/\/www.sac-kaiserswerth.de\/index.php\/wp-json\/wp\/v2\/comments?post=90"}],"version-history":[{"count":20,"href":"https:\/\/www.sac-kaiserswerth.de\/index.php\/wp-json\/wp\/v2\/pages\/90\/revisions"}],"predecessor-version":[{"id":6983,"href":"https:\/\/www.sac-kaiserswerth.de\/index.php\/wp-json\/wp\/v2\/pages\/90\/revisions\/6983"}],"wp:attachment":[{"href":"https:\/\/www.sac-kaiserswerth.de\/index.php\/wp-json\/wp\/v2\/media?parent=90"}],"curies":[{"name":"wp","href":"https:\/\/api.w.org\/{rel}","templated":true}]}}